{"id":3543,"date":"2021-04-02T21:02:38","date_gmt":"2021-04-02T18:02:38","guid":{"rendered":"https:\/\/www.kookmanagement.fi\/workshops-for-foretag\/"},"modified":"2021-04-02T21:02:40","modified_gmt":"2021-04-02T18:02:40","slug":"workshops-for-foretag","status":"publish","type":"page","link":"https:\/\/www.kookmanagement.fi\/sv\/workshops-for-foretag\/","title":{"rendered":"Workshops f\u00f6r f\u00f6retag"},"content":{"rendered":"<div\n\t\t\t\n\t\t\tclass=\"so-widget-sow-slider so-widget-sow-slider-default-6d39609536fd\"\n\t\t\t\n\t\t>\t\t\t\t<div class=\"sow-slider-base\" style=\"display: none\" tabindex=\"0\">\n\t\t\t\t\t<ul\n\t\t\t\t\tclass=\"sow-slider-images\"\n\t\t\t\t\tdata-settings=\"{&quot;pagination&quot;:true,&quot;speed&quot;:800,&quot;timeout&quot;:8000,&quot;paused&quot;:true,&quot;pause_on_hover&quot;:false,&quot;swipe&quot;:true,&quot;nav_always_show_desktop&quot;:&quot;&quot;,&quot;nav_always_show_mobile&quot;:&quot;&quot;,&quot;breakpoint&quot;:&quot;780px&quot;,&quot;unmute&quot;:false,&quot;anchor&quot;:null}\"\n\t\t\t\t\t\t\t\t\t\tdata-anchor-id=\"\"\n\t\t\t\t>\t\t<li class=\"sow-slider-image\" style=\"visibility: visible;\" >\n\t\t\t\t\t\t\t\t<\/li>\n\t\t<\/ul>\t\t\t\t<ol class=\"sow-slider-pagination\">\n\t\t\t\t\t\t\t\t\t\t\t<li><a href=\"#\" data-goto=\"0\" aria-label=\"Display slide 1\"><\/a><\/li>\n\t\t\t\t\t\t\t\t\t<\/ol>\n\n\t\t\t\t<div class=\"sow-slide-nav sow-slide-nav-next\">\n\t\t\t\t\t<a href=\"#\" data-goto=\"next\" aria-label=\"Next slide\" data-action=\"next\">\n\t\t\t\t\t\t<em class=\"sow-sld-icon-thin-right\"><\/em>\n\t\t\t\t\t<\/a>\n\t\t\t\t<\/div>\n\n\t\t\t\t<div class=\"sow-slide-nav sow-slide-nav-prev\">\n\t\t\t\t\t<a href=\"#\" data-goto=\"previous\" aria-label=\"Previous slide\" data-action=\"prev\">\n\t\t\t\t\t\t<em class=\"sow-sld-icon-thin-left\"><\/em>\n\t\t\t\t\t<\/a>\n\t\t\t\t<\/div>\n\t\t\t\t<\/div><\/div><p><a href=\"https:\/\/www.kookmanagement.fi\/wp-content\/uploads\/2019\/06\/KOOK-Palvelut2-kook-managment-palvelut-yrityksille_F2.jpg\"><img loading=\"lazy\" decoding=\"async\" class=\"alignnone wp-image-3544 size-full\" src=\"https:\/\/www.kookmanagement.fi\/wp-content\/uploads\/2019\/06\/KOOK-Palvelut2-kook-managment-palvelut-yrityksille_F2.jpg\" alt=\"KOOK-tj\u00e4nster och workshops f\u00f6r f\u00f6retag att utveckla f\u00f6retaget och teamet. Hitta ditt f\u00f6retags distinkta faktor och f\u00f6rb\u00e4ttra din f\u00f6rs\u00e4ljning!\" width=\"1200\" height=\"447\" data-id=\"1071\" srcset=\"https:\/\/www.kookmanagement.fi\/wp-content\/uploads\/2019\/06\/KOOK-Palvelut2-kook-managment-palvelut-yrityksille_F2.jpg 1200w, https:\/\/www.kookmanagement.fi\/wp-content\/uploads\/2019\/06\/KOOK-Palvelut2-kook-managment-palvelut-yrityksille_F2-300x112.jpg 300w, https:\/\/www.kookmanagement.fi\/wp-content\/uploads\/2019\/06\/KOOK-Palvelut2-kook-managment-palvelut-yrityksille_F2-768x286.jpg 768w, https:\/\/www.kookmanagement.fi\/wp-content\/uploads\/2019\/06\/KOOK-Palvelut2-kook-managment-palvelut-yrityksille_F2-1024x381.jpg 1024w\" sizes=\"(max-width: 1200px) 100vw, 1200px\" \/><\/a><\/p>\n<h2>Workshops f\u00f6r f\u00f6retag<\/h2>\n<p>Vi erbjuder workshops f\u00f6r f\u00f6retag f\u00f6r att \u00f6ka tj\u00e4nster, produktivitet och distinkt. F\u00f6rutom den traditionella workshopen tar vi med verktyg fr\u00e5n de kreativa branscherna efter kundernas behov och utmaningar. Vi fokuserar p\u00e5 h\u00e5llbar personalhantering, produktivitet, v\u00e4lbefinnande och p\u00e5verkan.<\/p>\n<p>Kooks m\u00e4klar- och konsulttj\u00e4nster hj\u00e4lper f\u00f6retag som dj\u00e4rvt vill \u00f6ka l\u00f6nsamheten genom att avl\u00e4gsna osynliga avmattningar och f\u00f6rb\u00e4ttra f\u00f6retagets kapacitet p\u00e5 en snabbt f\u00f6r\u00e4nderlig marknad. Ett exempel p\u00e5 v\u00e5r verksamhetsmodell \u00e4r<a href=\"https:\/\/www.kookmanagement.fi\/luovempi-myyntistrategia\/\"> V\u00e5rt mer kreativa f\u00f6rs\u00e4ljningsstrategiprojekt.<\/a><\/p>\n<p>Inga \u00e4ndringar g\u00f6rs i poppaketet. Uth\u00e5llighet och f\u00f6rm\u00e5ga skapas genom upprepning. M\u00e5nga av v\u00e5ra tj\u00e4nster bygger p\u00e5 samarbete med v\u00e5ra kunder samt upprepade samarbeten i workshops. Vi bygger verktyg f\u00f6r v\u00e5ra kunder som f\u00f6rb\u00e4ttrar framtida arbetslivskunskaper. <a href=\"https:\/\/www.kookmanagement.fi\/tiimityo-ja-organisaation-kehittaminen\/\">L\u00e4s mer # 21stcenturyworkingskills.<\/a><\/p>\n<\/p>\n<h3>Utbildning och workshops f\u00f6r f\u00f6retag:<\/h3>\n<h5>F\u00f6rs\u00e4ljnings- och marknadsf\u00f6ringsworkshops<\/h5>\n<ul>\n<li>l\u00e4rande och teaming s\u00e4ljteamet tillsammans<\/li>\n<li>f\u00f6rest\u00e4llningar och professionella artister f\u00f6r evenemang<\/li>\n<li>en symbol f\u00f6r en f\u00f6retagshistoria skriven som en s\u00e5ng<\/li>\n<\/ul>\n<h5> <\/h5>\n<h5>Workshops f\u00f6r utveckling av arbetskultur<\/h5>\n<ul>\n<li>framh\u00e4va gemensamma v\u00e4rden<\/li>\n<li>f\u00f6rtroende, v\u00e4rderingar och att arbeta tillsammans<\/li>\n<li>l\u00e4ra av misslyckande<\/li>\n<li>n\u00e4rvaro och kommunikation<\/li>\n<\/ul>\n<h5> <\/h5>\n<h5>Workshops f\u00f6r utbildning av personal<\/h5>\n<ul>\n<li>p\u00e5skynda introduktionen av nya anst\u00e4llda<\/li>\n<li>utbilda arbetsgemenskapen f\u00f6r att utveckla coping p\u00e5 jobbet<\/li>\n<li>kreativitet som en del av organisationens vardag<\/li>\n<li>G\u00f6r dolda f\u00e4rdigheter synliga<\/li>\n<\/ul>\n<h5> <\/h5>\n<h5>Change manager workshops<\/h5>\n<ul>\n<li>M\u00e5l \/ v\u00e4rden \/ strategi synlig<\/li>\n<li>Framtiden g\u00f6rs av oss sj\u00e4lva &#8211; Workshop f\u00f6r ledningsgruppen och styrelsen <\/li>\n<\/ul>\n<h3> <\/h3>\n<h3>Struktur av KOOK-workshops<\/h3>\n<p>Vi genomf\u00f6r verkst\u00e4derna genom att involvera v\u00e5ra kunder, organisationsniv\u00e5er, partners och vid behov kundens kunder. I enlighet med v\u00e5r egen arbetsmodell genomf\u00f6r vi en f\u00f6rsta unders\u00f6kning f\u00f6r varje f\u00f6retag, ett m\u00e5l f\u00f6r v\u00e5r service, planerar, genomf\u00f6r en workshop och genomf\u00f6r en uppf\u00f6ljning och unders\u00f6kning. Workshops \u00e4r l\u00e4mpliga f\u00f6r organisationer med 5-200 anst\u00e4llda. <\/p>\n<p>Vi vill hj\u00e4lpa v\u00e5ra kunder att utveckla verktyg, p\u00e5skynda f\u00f6r\u00e4ndringar och f\u00f6rb\u00e4ttra resultat. M\u00e5nga av v\u00e5ra tj\u00e4nster best\u00e5r av verkstadsserier enligt kundens situation, behov och m\u00e5l. <\/p>\n<\/p>\n<h3>Medarbetare<\/h3>\n<p>Vi erbjuder ocks\u00e5 workshoptj\u00e4nster till v\u00e5ra partners, s\u00e5som personal inom personalresurser, managementkonsulter, v\u00e4lbefinnande p\u00e5 arbetsplatsutvecklare och kreativa proffs. Vi letar st\u00e4ndigt efter nya partners f\u00f6r att b\u00e4ttre n\u00e5 r\u00e4tt m\u00e5lgrupp. Om du tror att v\u00e5ra f\u00f6retag delar samma v\u00e4rden och m\u00e5l,<a href=\"mailto:asiakaspalvelu@kookmanagement.fi\"> ta kontakt<\/a> . Tack.<\/p><\/p>\n","protected":false},"excerpt":{"rendered":"<p>Workshops f\u00f6r f\u00f6retag Vi erbjuder workshops f\u00f6r f\u00f6retag f\u00f6r att \u00f6ka tj\u00e4nster, produktivitet och distinkt. F\u00f6rutom den traditionella workshopen tar vi med verktyg fr\u00e5n de kreativa branscherna efter kundernas behov och utmaningar. Vi fokuserar &hellip; <a class=\"kt-excerpt-readmore\" href=\"https:\/\/www.kookmanagement.fi\/sv\/workshops-for-foretag\/\" aria-label=\"Workshops f\u00f6r f\u00f6retag\">Lue lis\u00e4\u00e4<\/a><\/p>\n","protected":false},"author":1,"featured_media":0,"parent":0,"menu_order":0,"comment_status":"closed","ping_status":"closed","template":"","meta":{"_joinchat":[],"footnotes":""},"class_list":["post-3543","page","type-page","status-publish","hentry"],"yoast_head":"<!-- This site is optimized with the Yoast SEO plugin v25.6 - https:\/\/yoast.com\/wordpress\/plugins\/seo\/ -->\n<title>KOOKs Workshops f\u00f6r f\u00f6retag - F\u00f6rb\u00e4ttra din distinkt<\/title>\n<meta name=\"description\" content=\"KOOK Management - Vi erbjuder f\u00f6retagsseminarier f\u00f6r att \u00f6ka f\u00f6retagets tj\u00e4nster, produktivitet och distinkt. Vi \u00e4r glada \u00f6ver #IPR\" \/>\n<meta name=\"robots\" content=\"index, follow, max-snippet:-1, max-image-preview:large, max-video-preview:-1\" \/>\n<link rel=\"canonical\" href=\"https:\/\/www.kookmanagement.fi\/sv\/workshops-for-foretag\/\" \/>\n<meta property=\"og:locale\" content=\"sv_SE\" \/>\n<meta property=\"og:type\" content=\"article\" \/>\n<meta property=\"og:title\" content=\"KOOKs Workshops f\u00f6r f\u00f6retag - F\u00f6rb\u00e4ttra din distinkt\" \/>\n<meta property=\"og:description\" content=\"KOOK Management - Vi erbjuder f\u00f6retagsseminarier f\u00f6r att \u00f6ka f\u00f6retagets tj\u00e4nster, produktivitet och distinkt. Vi \u00e4r glada \u00f6ver #IPR\" \/>\n<meta property=\"og:url\" content=\"https:\/\/www.kookmanagement.fi\/sv\/workshops-for-foretag\/\" \/>\n<meta property=\"og:site_name\" content=\"Kook Management Oy\" \/>\n<meta property=\"article:publisher\" content=\"https:\/\/www.facebook.com\/kookmngmt\/\" \/>\n<meta property=\"article:modified_time\" content=\"2021-04-02T18:02:40+00:00\" \/>\n<meta property=\"og:image\" content=\"https:\/\/www.kookmanagement.fi\/wp-content\/uploads\/2019\/06\/KOOK-Palvelut2-kook-managment-palvelut-yrityksille_F2.jpg\" \/>\n<meta name=\"twitter:card\" content=\"summary_large_image\" \/>\n<meta name=\"twitter:site\" content=\"@kookmngmt\" \/>\n<meta name=\"twitter:label1\" content=\"Ber\u00e4knad l\u00e4stid\" \/>\n\t<meta name=\"twitter:data1\" content=\"2 minuter\" \/>\n<script type=\"application\/ld+json\" class=\"yoast-schema-graph\">{\"@context\":\"https:\/\/schema.org\",\"@graph\":[{\"@type\":\"WebPage\",\"@id\":\"https:\/\/www.kookmanagement.fi\/sv\/workshops-for-foretag\/\",\"url\":\"https:\/\/www.kookmanagement.fi\/sv\/workshops-for-foretag\/\",\"name\":\"KOOKs Workshops f\u00f6r f\u00f6retag - F\u00f6rb\u00e4ttra din distinkt\",\"isPartOf\":{\"@id\":\"https:\/\/www.kookmanagement.fi\/sv\/#website\"},\"primaryImageOfPage\":{\"@id\":\"https:\/\/www.kookmanagement.fi\/sv\/workshops-for-foretag\/#primaryimage\"},\"image\":{\"@id\":\"https:\/\/www.kookmanagement.fi\/sv\/workshops-for-foretag\/#primaryimage\"},\"thumbnailUrl\":\"https:\/\/www.kookmanagement.fi\/wp-content\/uploads\/2019\/06\/KOOK-Palvelut2-kook-managment-palvelut-yrityksille_F2.jpg\",\"datePublished\":\"2021-04-02T18:02:38+00:00\",\"dateModified\":\"2021-04-02T18:02:40+00:00\",\"description\":\"KOOK Management - Vi erbjuder f\u00f6retagsseminarier f\u00f6r att \u00f6ka f\u00f6retagets tj\u00e4nster, produktivitet och distinkt. Vi \u00e4r glada \u00f6ver #IPR\",\"breadcrumb\":{\"@id\":\"https:\/\/www.kookmanagement.fi\/sv\/workshops-for-foretag\/#breadcrumb\"},\"inLanguage\":\"sv-SE\",\"potentialAction\":[{\"@type\":\"ReadAction\",\"target\":[\"https:\/\/www.kookmanagement.fi\/sv\/workshops-for-foretag\/\"]}]},{\"@type\":\"ImageObject\",\"inLanguage\":\"sv-SE\",\"@id\":\"https:\/\/www.kookmanagement.fi\/sv\/workshops-for-foretag\/#primaryimage\",\"url\":\"https:\/\/www.kookmanagement.fi\/wp-content\/uploads\/2019\/06\/KOOK-Palvelut2-kook-managment-palvelut-yrityksille_F2.jpg\",\"contentUrl\":\"https:\/\/www.kookmanagement.fi\/wp-content\/uploads\/2019\/06\/KOOK-Palvelut2-kook-managment-palvelut-yrityksille_F2.jpg\"},{\"@type\":\"BreadcrumbList\",\"@id\":\"https:\/\/www.kookmanagement.fi\/sv\/workshops-for-foretag\/#breadcrumb\",\"itemListElement\":[{\"@type\":\"ListItem\",\"position\":1,\"name\":\"Home\",\"item\":\"https:\/\/www.kookmanagement.fi\/sv\/\"},{\"@type\":\"ListItem\",\"position\":2,\"name\":\"Workshops f\u00f6r f\u00f6retag\"}]},{\"@type\":\"WebSite\",\"@id\":\"https:\/\/www.kookmanagement.fi\/sv\/#website\",\"url\":\"https:\/\/www.kookmanagement.fi\/sv\/\",\"name\":\"Kook Management Oy\",\"description\":\"We work with business development as licensing agent in northern Europe, train in workshops about team management with creative future tools for human resources and we serve as B2B sales and digital marketing agency.\",\"publisher\":{\"@id\":\"https:\/\/www.kookmanagement.fi\/sv\/#organization\"},\"potentialAction\":[{\"@type\":\"SearchAction\",\"target\":{\"@type\":\"EntryPoint\",\"urlTemplate\":\"https:\/\/www.kookmanagement.fi\/sv\/?s={search_term_string}\"},\"query-input\":{\"@type\":\"PropertyValueSpecification\",\"valueRequired\":true,\"valueName\":\"search_term_string\"}}],\"inLanguage\":\"sv-SE\"},{\"@type\":\"Organization\",\"@id\":\"https:\/\/www.kookmanagement.fi\/sv\/#organization\",\"name\":\"KOOK Management Oy\",\"url\":\"https:\/\/www.kookmanagement.fi\/sv\/\",\"logo\":{\"@type\":\"ImageObject\",\"inLanguage\":\"sv-SE\",\"@id\":\"https:\/\/www.kookmanagement.fi\/sv\/#\/schema\/logo\/image\/\",\"url\":\"https:\/\/www.kookmanagement.fi\/wp-content\/uploads\/2018\/08\/kook-logo-pink-on-blue-1.jpg\",\"contentUrl\":\"https:\/\/www.kookmanagement.fi\/wp-content\/uploads\/2018\/08\/kook-logo-pink-on-blue-1.jpg\",\"width\":2338,\"height\":1653,\"caption\":\"KOOK Management Oy\"},\"image\":{\"@id\":\"https:\/\/www.kookmanagement.fi\/sv\/#\/schema\/logo\/image\/\"},\"sameAs\":[\"https:\/\/www.facebook.com\/kookmngmt\/\",\"https:\/\/x.com\/kookmngmt\",\"https:\/\/www.instagram.com\/kookmngmt\/\",\"https:\/\/www.linkedin.com\/company\/26190078\/admin\/\",\"https:\/\/www.youtube.com\/channel\/UCXu2RSBsAn-mRDy2mDgl8EQ?view_as=subscriber\"]}]}<\/script>\n<!-- \/ Yoast SEO plugin. -->","yoast_head_json":{"title":"KOOKs Workshops f\u00f6r f\u00f6retag - F\u00f6rb\u00e4ttra din distinkt","description":"KOOK Management - Vi erbjuder f\u00f6retagsseminarier f\u00f6r att \u00f6ka f\u00f6retagets tj\u00e4nster, produktivitet och distinkt. Vi \u00e4r glada \u00f6ver #IPR","robots":{"index":"index","follow":"follow","max-snippet":"max-snippet:-1","max-image-preview":"max-image-preview:large","max-video-preview":"max-video-preview:-1"},"canonical":"https:\/\/www.kookmanagement.fi\/sv\/workshops-for-foretag\/","og_locale":"sv_SE","og_type":"article","og_title":"KOOKs Workshops f\u00f6r f\u00f6retag - F\u00f6rb\u00e4ttra din distinkt","og_description":"KOOK Management - Vi erbjuder f\u00f6retagsseminarier f\u00f6r att \u00f6ka f\u00f6retagets tj\u00e4nster, produktivitet och distinkt. Vi \u00e4r glada \u00f6ver #IPR","og_url":"https:\/\/www.kookmanagement.fi\/sv\/workshops-for-foretag\/","og_site_name":"Kook Management Oy","article_publisher":"https:\/\/www.facebook.com\/kookmngmt\/","article_modified_time":"2021-04-02T18:02:40+00:00","og_image":[{"url":"https:\/\/www.kookmanagement.fi\/wp-content\/uploads\/2019\/06\/KOOK-Palvelut2-kook-managment-palvelut-yrityksille_F2.jpg","type":"","width":"","height":""}],"twitter_card":"summary_large_image","twitter_site":"@kookmngmt","twitter_misc":{"Ber\u00e4knad l\u00e4stid":"2 minuter"},"schema":{"@context":"https:\/\/schema.org","@graph":[{"@type":"WebPage","@id":"https:\/\/www.kookmanagement.fi\/sv\/workshops-for-foretag\/","url":"https:\/\/www.kookmanagement.fi\/sv\/workshops-for-foretag\/","name":"KOOKs Workshops f\u00f6r f\u00f6retag - F\u00f6rb\u00e4ttra din distinkt","isPartOf":{"@id":"https:\/\/www.kookmanagement.fi\/sv\/#website"},"primaryImageOfPage":{"@id":"https:\/\/www.kookmanagement.fi\/sv\/workshops-for-foretag\/#primaryimage"},"image":{"@id":"https:\/\/www.kookmanagement.fi\/sv\/workshops-for-foretag\/#primaryimage"},"thumbnailUrl":"https:\/\/www.kookmanagement.fi\/wp-content\/uploads\/2019\/06\/KOOK-Palvelut2-kook-managment-palvelut-yrityksille_F2.jpg","datePublished":"2021-04-02T18:02:38+00:00","dateModified":"2021-04-02T18:02:40+00:00","description":"KOOK Management - Vi erbjuder f\u00f6retagsseminarier f\u00f6r att \u00f6ka f\u00f6retagets tj\u00e4nster, produktivitet och distinkt. Vi \u00e4r glada \u00f6ver #IPR","breadcrumb":{"@id":"https:\/\/www.kookmanagement.fi\/sv\/workshops-for-foretag\/#breadcrumb"},"inLanguage":"sv-SE","potentialAction":[{"@type":"ReadAction","target":["https:\/\/www.kookmanagement.fi\/sv\/workshops-for-foretag\/"]}]},{"@type":"ImageObject","inLanguage":"sv-SE","@id":"https:\/\/www.kookmanagement.fi\/sv\/workshops-for-foretag\/#primaryimage","url":"https:\/\/www.kookmanagement.fi\/wp-content\/uploads\/2019\/06\/KOOK-Palvelut2-kook-managment-palvelut-yrityksille_F2.jpg","contentUrl":"https:\/\/www.kookmanagement.fi\/wp-content\/uploads\/2019\/06\/KOOK-Palvelut2-kook-managment-palvelut-yrityksille_F2.jpg"},{"@type":"BreadcrumbList","@id":"https:\/\/www.kookmanagement.fi\/sv\/workshops-for-foretag\/#breadcrumb","itemListElement":[{"@type":"ListItem","position":1,"name":"Home","item":"https:\/\/www.kookmanagement.fi\/sv\/"},{"@type":"ListItem","position":2,"name":"Workshops f\u00f6r f\u00f6retag"}]},{"@type":"WebSite","@id":"https:\/\/www.kookmanagement.fi\/sv\/#website","url":"https:\/\/www.kookmanagement.fi\/sv\/","name":"Kook Management Oy","description":"We work with business development as licensing agent in northern Europe, train in workshops about team management with creative future tools for human resources and we serve as B2B sales and digital marketing agency.","publisher":{"@id":"https:\/\/www.kookmanagement.fi\/sv\/#organization"},"potentialAction":[{"@type":"SearchAction","target":{"@type":"EntryPoint","urlTemplate":"https:\/\/www.kookmanagement.fi\/sv\/?s={search_term_string}"},"query-input":{"@type":"PropertyValueSpecification","valueRequired":true,"valueName":"search_term_string"}}],"inLanguage":"sv-SE"},{"@type":"Organization","@id":"https:\/\/www.kookmanagement.fi\/sv\/#organization","name":"KOOK Management Oy","url":"https:\/\/www.kookmanagement.fi\/sv\/","logo":{"@type":"ImageObject","inLanguage":"sv-SE","@id":"https:\/\/www.kookmanagement.fi\/sv\/#\/schema\/logo\/image\/","url":"https:\/\/www.kookmanagement.fi\/wp-content\/uploads\/2018\/08\/kook-logo-pink-on-blue-1.jpg","contentUrl":"https:\/\/www.kookmanagement.fi\/wp-content\/uploads\/2018\/08\/kook-logo-pink-on-blue-1.jpg","width":2338,"height":1653,"caption":"KOOK Management Oy"},"image":{"@id":"https:\/\/www.kookmanagement.fi\/sv\/#\/schema\/logo\/image\/"},"sameAs":["https:\/\/www.facebook.com\/kookmngmt\/","https:\/\/x.com\/kookmngmt","https:\/\/www.instagram.com\/kookmngmt\/","https:\/\/www.linkedin.com\/company\/26190078\/admin\/","https:\/\/www.youtube.com\/channel\/UCXu2RSBsAn-mRDy2mDgl8EQ?view_as=subscriber"]}]}},"_links":{"self":[{"href":"https:\/\/www.kookmanagement.fi\/sv\/wp-json\/wp\/v2\/pages\/3543"}],"collection":[{"href":"https:\/\/www.kookmanagement.fi\/sv\/wp-json\/wp\/v2\/pages"}],"about":[{"href":"https:\/\/www.kookmanagement.fi\/sv\/wp-json\/wp\/v2\/types\/page"}],"author":[{"embeddable":true,"href":"https:\/\/www.kookmanagement.fi\/sv\/wp-json\/wp\/v2\/users\/1"}],"replies":[{"embeddable":true,"href":"https:\/\/www.kookmanagement.fi\/sv\/wp-json\/wp\/v2\/comments?post=3543"}],"version-history":[{"count":3,"href":"https:\/\/www.kookmanagement.fi\/sv\/wp-json\/wp\/v2\/pages\/3543\/revisions"}],"predecessor-version":[{"id":3548,"href":"https:\/\/www.kookmanagement.fi\/sv\/wp-json\/wp\/v2\/pages\/3543\/revisions\/3548"}],"wp:attachment":[{"href":"https:\/\/www.kookmanagement.fi\/sv\/wp-json\/wp\/v2\/media?parent=3543"}],"curies":[{"name":"wp","href":"https:\/\/api.w.org\/{rel}","templated":true}]}}