{"id":3484,"date":"2021-04-02T20:51:25","date_gmt":"2021-04-02T17:51:25","guid":{"rendered":"https:\/\/www.kookmanagement.fi\/en-licensombud-som-hjalper-ditt-foretag-hur-kan-ett-foretag-utmarka-sig-battre-pa-marknaden\/"},"modified":"2021-04-02T20:51:25","modified_gmt":"2021-04-02T17:51:25","slug":"en-licensombud-som-hjalper-ditt-foretag-hur-kan-ett-foretag-utmarka-sig-battre-pa-marknaden","status":"publish","type":"page","link":"https:\/\/www.kookmanagement.fi\/sv\/en-licensombud-som-hjalper-ditt-foretag-hur-kan-ett-foretag-utmarka-sig-battre-pa-marknaden\/","title":{"rendered":"En licensombud som hj\u00e4lper ditt f\u00f6retag &#8211; hur kan ett f\u00f6retag utm\u00e4rka sig b\u00e4ttre p\u00e5 marknaden?"},"content":{"rendered":"\n<figure class=\"wp-block-image size-large\"><img loading=\"lazy\" decoding=\"async\" width=\"960\" height=\"188\" src=\"https:\/\/www.kookmanagement.fi\/wp-content\/uploads\/2020\/03\/Alchemy-Finland-represented-by-KOOK-Management-012.jpg\" alt=\"KOOK &#xE4;r en licensgivare i Alchemy England. Den popul&#xE4;raste Alchemy-bildbanken Black Rose.\" class=\"wp-image-3485\" srcset=\"https:\/\/www.kookmanagement.fi\/wp-content\/uploads\/2020\/03\/Alchemy-Finland-represented-by-KOOK-Management-012.jpg 960w, https:\/\/www.kookmanagement.fi\/wp-content\/uploads\/2020\/03\/Alchemy-Finland-represented-by-KOOK-Management-012-300x59.jpg 300w, https:\/\/www.kookmanagement.fi\/wp-content\/uploads\/2020\/03\/Alchemy-Finland-represented-by-KOOK-Management-012-768x150.jpg 768w, https:\/\/www.kookmanagement.fi\/wp-content\/uploads\/2020\/03\/Alchemy-Finland-represented-by-KOOK-Management-012-520x102.jpg 520w, https:\/\/www.kookmanagement.fi\/wp-content\/uploads\/2020\/03\/Alchemy-Finland-represented-by-KOOK-Management-012-260x51.jpg 260w\" sizes=\"(max-width: 960px) 100vw, 960px\" \/><\/figure>\n\n<p class=\"has-normal-font-size\">KOOK \u00e4r specialiserat p\u00e5 att betj\u00e4na f\u00f6retag som vill sticka ut i internationell konkurrens i framtiden. Vi kan hj\u00e4lpa f\u00f6retag med ett tydligt m\u00e5l i alla aktiviteter, fr\u00e5n talangdagar till kundevenemang eller digitala tj\u00e4nster, produktutveckling eller personalutveckling. Vi samarbetar med flera utvecklingspersoner och anv\u00e4nder aktivt de kreativa branscherna. TEAM Kook har kreativa proffs, alla med sina egna specialtj\u00e4nster. Med hj\u00e4lp av partners \u00e4r KOOKs f\u00f6retagskunder de f\u00f6rsta som kan anv\u00e4nda nya verktyg f\u00f6r att utveckla eget f\u00f6retag, produktion, personal och kunder. Har ditt f\u00f6retag anv\u00e4nt licensieringstj\u00e4nster?<\/p>\n\n<p class=\"has-medium-font-size\"><strong>F\u00f6r att sticka ut p\u00e5 marknaden \u00e4r det v\u00e4rt att g\u00f6ra saker annorlunda \u00e4n andra<\/strong> <strong>verkar p\u00e5 samma marknad. Genom att utveckla motst\u00e5ndskraft med partners,<\/strong> <strong>F\u00f6retaget kan utveckla marknaden och bygga nya aff\u00e4rer.<\/strong> <strong>F\u00f6rm\u00e5gan att svara p\u00e5 snabbt f\u00f6r\u00e4nderliga marknader \u00e4r KOOKs k\u00e4rnkompetens.<\/strong><\/p>\n\n<h2 class=\"wp-block-heading\">Nya verktyg f\u00f6r framtiden:<\/h2>\n\n<p>Med hj\u00e4lp av Kooks tj\u00e4nster \u00e4r det m\u00f6jligt att bygga t.ex. genom workshops och coachning, utveckla nya f\u00f6rm\u00e5gor, utveckla gamla eller dolda f\u00f6rm\u00e5gor f\u00f6r att \u00f6ka motst\u00e5ndskraften. Dessa inkluderar t.ex.<a href=\"https:\/\/www.kookmanagement.fi\/organisaation-kehittaminen-ja-luovat-palvelut-yrityksille\/\"> framtida arbetslivskunskaper<\/a> , varum\u00e4rkesutveckling, ledning och styrelsearbete, f\u00f6retagets strategiska konkurrensf\u00f6rdel, utveckling av f\u00f6retagets motst\u00e5ndskraft. Med de tj\u00e4nster som Kook representerar kan f\u00f6retaget utveckla sin verksamhet snabbare \u00e4n de gamla traditionella metoderna. <\/p>\n\n<figure class=\"wp-block-image size-large\"><img loading=\"lazy\" decoding=\"async\" width=\"1024\" height=\"294\" src=\"https:\/\/www.kookmanagement.fi\/wp-content\/uploads\/2020\/03\/Kook-Management-How-KOOK-is-that-yellow-train-03-1024x294.jpg\" alt=\"KOOK Licensing Agent - Vi utf&#xF6;r f&#xF6;r att g&#xF6;ra KOOK-f&#xF6;r&#xE4;ndringar i aff&#xE4;rer. &#10;Hur KOOK &#xE4;r det?\" class=\"wp-image-2065\" srcset=\"https:\/\/www.kookmanagement.fi\/wp-content\/uploads\/2020\/03\/Kook-Management-How-KOOK-is-that-yellow-train-03-1024x294.jpg 1024w, https:\/\/www.kookmanagement.fi\/wp-content\/uploads\/2020\/03\/Kook-Management-How-KOOK-is-that-yellow-train-03-300x86.jpg 300w, https:\/\/www.kookmanagement.fi\/wp-content\/uploads\/2020\/03\/Kook-Management-How-KOOK-is-that-yellow-train-03-768x220.jpg 768w, https:\/\/www.kookmanagement.fi\/wp-content\/uploads\/2020\/03\/Kook-Management-How-KOOK-is-that-yellow-train-03.jpg 1200w\" sizes=\"(max-width: 1024px) 100vw, 1024px\" \/><\/figure>\n\n<h2 class=\"wp-block-heading\">Licensieringstj\u00e4nster och licensagent &#8211; Verktyg f\u00f6r f\u00f6retag:<\/h2>\n\n<p>Vi \u00e4r glada \u00f6ver m\u00f6jligheterna att licensiera, \u00e4nnu mer. Det kommer att leda till win-win-avtal till f\u00f6rm\u00e5n f\u00f6r b\u00e5da parter. Det finns mer tillsammans. Ett f\u00f6retag kan bygga nya tj\u00e4nster f\u00f6r sina kunder som sticker ut genom licensiering. Till exempel fungerar Kook som licensagent och representerar t.ex.<a rel=\"noreferrer noopener\" href=\"http:\/\/www.alchemylicensing.com\/licensing\/\" target=\"_blank\"> Alchemy England<\/a> F\u00f6retagets popul\u00e4raste illustrationer och bildgallerier. Ett bildgalleri \u00e4r Alchemys Black Rose, ett exempel p\u00e5 det h\u00f6gst upp p\u00e5 sidan. Alla bilder i Alchemy \u00e4r licensierade f\u00f6r anv\u00e4ndning av f\u00f6retaget. Licensiering g\u00f6r det mycket snabbt m\u00f6jligt f\u00f6r ett f\u00f6retag att lansera ett nytt verktyg, till exempel f\u00f6r att \u00f6ka medvetenheten eller \u00f6ka f\u00f6rs\u00e4ljningen f\u00f6r sin m\u00e5lgrupp. <\/p>\n\n<p class=\"has-text-align-center has-medium-font-size\"><strong>&#8221;Var inte best\u00e4llare, var marknadsf\u00f6rare&#8221;<\/strong><\/p>\n\n<p>\u00c4r du redan bekant med licensm\u00f6jligheter? Ber\u00e4tta f\u00f6r v\u00e5rt team mer detaljerat och spendera de n\u00e4rmaste fem minuterna p\u00e5 detta &#8221;<a rel=\"noreferrer noopener\" href=\"https:\/\/www.surveymonkey.co.uk\/r\/5PTFT3Y\" target=\"_blank\"> Hur blir jag licensinnehavare?<\/a> &#8221;f\u00f6r att fylla i formul\u00e4ret. Vi kommer att bekanta dig med dina licensbehov och kontakta dig inom 24 timmar.<\/p>\n\n<h2 class=\"wp-block-heading\">Vi vill att ditt f\u00f6retags f\u00f6rs\u00e4ljning ocks\u00e5 ska v\u00e4xa i framtiden<\/h2>\n\n<p>KOOK tillhandah\u00e5ller tj\u00e4nster, erbjuder licensverktygsverktyg och utvecklar nya distinkta l\u00f6sningar f\u00f6r sina kunder. Kooks aff\u00e4rskompetens och partnerservice har oerh\u00f6rt mycket att erbjuda f\u00f6retag, st\u00e4der och kommuner s\u00e5v\u00e4l som samh\u00e4llen. <a rel=\"noreferrer noopener\" href=\"mailto:asiakaspalvelu@kookmanagement.fi\" target=\"_blank\">Vi lyssnar &#8211; Kontakta oss!<\/a><\/p>\n","protected":false},"excerpt":{"rendered":"<p>KOOK \u00e4r specialiserat p\u00e5 att betj\u00e4na f\u00f6retag som vill sticka ut i internationell konkurrens i framtiden. Vi kan hj\u00e4lpa f\u00f6retag med ett tydligt m\u00e5l i alla aktiviteter, fr\u00e5n talangdagar till kundevenemang eller digitala tj\u00e4nster, &hellip; <a class=\"kt-excerpt-readmore\" href=\"https:\/\/www.kookmanagement.fi\/sv\/en-licensombud-som-hjalper-ditt-foretag-hur-kan-ett-foretag-utmarka-sig-battre-pa-marknaden\/\" aria-label=\"En licensombud som hj\u00e4lper ditt f\u00f6retag &#8211; hur kan ett f\u00f6retag utm\u00e4rka sig b\u00e4ttre p\u00e5 marknaden?\">Lue lis\u00e4\u00e4<\/a><\/p>\n","protected":false},"author":1,"featured_media":3485,"parent":0,"menu_order":0,"comment_status":"closed","ping_status":"closed","template":"page-portfolio.php","meta":{"_joinchat":[],"footnotes":""},"class_list":["post-3484","page","type-page","status-publish","has-post-thumbnail","hentry"],"yoast_head":"<!-- This site is optimized with the Yoast SEO plugin v25.6 - https:\/\/yoast.com\/wordpress\/plugins\/seo\/ -->\n<title>Licensombud - Framtida aff\u00e4rsutveckling Kook Management Oy<\/title>\n<meta name=\"description\" content=\"Licensagenten Kook f\u00f6rser f\u00f6retag med verktyg f\u00f6r att differentiera sig p\u00e5 marknaden. Dra nytta av nya verktyg f\u00f6r att v\u00e4xa ditt f\u00f6retag. #licensing #IPR\" \/>\n<meta name=\"robots\" content=\"index, follow, max-snippet:-1, max-image-preview:large, max-video-preview:-1\" \/>\n<link rel=\"canonical\" href=\"https:\/\/www.kookmanagement.fi\/sv\/en-licensombud-som-hjalper-ditt-foretag-hur-kan-ett-foretag-utmarka-sig-battre-pa-marknaden\/\" \/>\n<meta property=\"og:locale\" content=\"sv_SE\" \/>\n<meta property=\"og:type\" content=\"article\" \/>\n<meta property=\"og:title\" content=\"Licensombud - Framtida aff\u00e4rsutveckling Kook Management Oy\" \/>\n<meta property=\"og:description\" content=\"Licensagenten Kook f\u00f6rser f\u00f6retag med verktyg f\u00f6r att differentiera sig p\u00e5 marknaden. Dra nytta av nya verktyg f\u00f6r att v\u00e4xa ditt f\u00f6retag. #licensing #IPR\" \/>\n<meta property=\"og:url\" content=\"https:\/\/www.kookmanagement.fi\/sv\/en-licensombud-som-hjalper-ditt-foretag-hur-kan-ett-foretag-utmarka-sig-battre-pa-marknaden\/\" \/>\n<meta property=\"og:site_name\" content=\"Kook Management Oy\" \/>\n<meta property=\"article:publisher\" content=\"https:\/\/www.facebook.com\/kookmngmt\/\" \/>\n<meta property=\"og:image\" content=\"https:\/\/www.kookmanagement.fi\/wp-content\/uploads\/2020\/03\/Alchemy-Finland-represented-by-KOOK-Management-012.jpg\" \/>\n\t<meta property=\"og:image:width\" content=\"960\" \/>\n\t<meta property=\"og:image:height\" content=\"188\" \/>\n\t<meta property=\"og:image:type\" content=\"image\/jpeg\" \/>\n<meta name=\"twitter:card\" content=\"summary_large_image\" \/>\n<meta name=\"twitter:site\" content=\"@kookmngmt\" \/>\n<meta name=\"twitter:label1\" content=\"Ber\u00e4knad l\u00e4stid\" \/>\n\t<meta name=\"twitter:data1\" content=\"2 minuter\" \/>\n<script type=\"application\/ld+json\" class=\"yoast-schema-graph\">{\"@context\":\"https:\/\/schema.org\",\"@graph\":[{\"@type\":\"WebPage\",\"@id\":\"https:\/\/www.kookmanagement.fi\/sv\/en-licensombud-som-hjalper-ditt-foretag-hur-kan-ett-foretag-utmarka-sig-battre-pa-marknaden\/\",\"url\":\"https:\/\/www.kookmanagement.fi\/sv\/en-licensombud-som-hjalper-ditt-foretag-hur-kan-ett-foretag-utmarka-sig-battre-pa-marknaden\/\",\"name\":\"Licensombud - Framtida aff\u00e4rsutveckling Kook Management Oy\",\"isPartOf\":{\"@id\":\"https:\/\/www.kookmanagement.fi\/sv\/#website\"},\"primaryImageOfPage\":{\"@id\":\"https:\/\/www.kookmanagement.fi\/sv\/en-licensombud-som-hjalper-ditt-foretag-hur-kan-ett-foretag-utmarka-sig-battre-pa-marknaden\/#primaryimage\"},\"image\":{\"@id\":\"https:\/\/www.kookmanagement.fi\/sv\/en-licensombud-som-hjalper-ditt-foretag-hur-kan-ett-foretag-utmarka-sig-battre-pa-marknaden\/#primaryimage\"},\"thumbnailUrl\":\"https:\/\/www.kookmanagement.fi\/wp-content\/uploads\/2020\/03\/Alchemy-Finland-represented-by-KOOK-Management-012.jpg\",\"datePublished\":\"2021-04-02T17:51:25+00:00\",\"description\":\"Licensagenten Kook f\u00f6rser f\u00f6retag med verktyg f\u00f6r att differentiera sig p\u00e5 marknaden. Dra nytta av nya verktyg f\u00f6r att v\u00e4xa ditt f\u00f6retag. #licensing #IPR\",\"breadcrumb\":{\"@id\":\"https:\/\/www.kookmanagement.fi\/sv\/en-licensombud-som-hjalper-ditt-foretag-hur-kan-ett-foretag-utmarka-sig-battre-pa-marknaden\/#breadcrumb\"},\"inLanguage\":\"sv-SE\",\"potentialAction\":[{\"@type\":\"ReadAction\",\"target\":[\"https:\/\/www.kookmanagement.fi\/sv\/en-licensombud-som-hjalper-ditt-foretag-hur-kan-ett-foretag-utmarka-sig-battre-pa-marknaden\/\"]}]},{\"@type\":\"ImageObject\",\"inLanguage\":\"sv-SE\",\"@id\":\"https:\/\/www.kookmanagement.fi\/sv\/en-licensombud-som-hjalper-ditt-foretag-hur-kan-ett-foretag-utmarka-sig-battre-pa-marknaden\/#primaryimage\",\"url\":\"https:\/\/www.kookmanagement.fi\/wp-content\/uploads\/2020\/03\/Alchemy-Finland-represented-by-KOOK-Management-012.jpg\",\"contentUrl\":\"https:\/\/www.kookmanagement.fi\/wp-content\/uploads\/2020\/03\/Alchemy-Finland-represented-by-KOOK-Management-012.jpg\",\"width\":960,\"height\":188,\"caption\":\"Den popul\u00e4raste Alchemy-bildbanken Black Rose. Kook-agenttj\u00e4nsten letar efter en partner i de nordiska l\u00e4nderna.\"},{\"@type\":\"BreadcrumbList\",\"@id\":\"https:\/\/www.kookmanagement.fi\/sv\/en-licensombud-som-hjalper-ditt-foretag-hur-kan-ett-foretag-utmarka-sig-battre-pa-marknaden\/#breadcrumb\",\"itemListElement\":[{\"@type\":\"ListItem\",\"position\":1,\"name\":\"Home\",\"item\":\"https:\/\/www.kookmanagement.fi\/sv\/\"},{\"@type\":\"ListItem\",\"position\":2,\"name\":\"En licensombud som hj\u00e4lper ditt f\u00f6retag &#8211; hur kan ett f\u00f6retag utm\u00e4rka sig b\u00e4ttre p\u00e5 marknaden?\"}]},{\"@type\":\"WebSite\",\"@id\":\"https:\/\/www.kookmanagement.fi\/sv\/#website\",\"url\":\"https:\/\/www.kookmanagement.fi\/sv\/\",\"name\":\"Kook Management Oy\",\"description\":\"We work with business development as licensing agent in northern Europe, train in workshops about team management with creative future tools for human resources and we serve as B2B sales and digital marketing agency.\",\"publisher\":{\"@id\":\"https:\/\/www.kookmanagement.fi\/sv\/#organization\"},\"potentialAction\":[{\"@type\":\"SearchAction\",\"target\":{\"@type\":\"EntryPoint\",\"urlTemplate\":\"https:\/\/www.kookmanagement.fi\/sv\/?s={search_term_string}\"},\"query-input\":{\"@type\":\"PropertyValueSpecification\",\"valueRequired\":true,\"valueName\":\"search_term_string\"}}],\"inLanguage\":\"sv-SE\"},{\"@type\":\"Organization\",\"@id\":\"https:\/\/www.kookmanagement.fi\/sv\/#organization\",\"name\":\"KOOK Management Oy\",\"url\":\"https:\/\/www.kookmanagement.fi\/sv\/\",\"logo\":{\"@type\":\"ImageObject\",\"inLanguage\":\"sv-SE\",\"@id\":\"https:\/\/www.kookmanagement.fi\/sv\/#\/schema\/logo\/image\/\",\"url\":\"https:\/\/www.kookmanagement.fi\/wp-content\/uploads\/2018\/08\/kook-logo-pink-on-blue-1.jpg\",\"contentUrl\":\"https:\/\/www.kookmanagement.fi\/wp-content\/uploads\/2018\/08\/kook-logo-pink-on-blue-1.jpg\",\"width\":2338,\"height\":1653,\"caption\":\"KOOK Management Oy\"},\"image\":{\"@id\":\"https:\/\/www.kookmanagement.fi\/sv\/#\/schema\/logo\/image\/\"},\"sameAs\":[\"https:\/\/www.facebook.com\/kookmngmt\/\",\"https:\/\/x.com\/kookmngmt\",\"https:\/\/www.instagram.com\/kookmngmt\/\",\"https:\/\/www.linkedin.com\/company\/26190078\/admin\/\",\"https:\/\/www.youtube.com\/channel\/UCXu2RSBsAn-mRDy2mDgl8EQ?view_as=subscriber\"]}]}<\/script>\n<!-- \/ Yoast SEO plugin. -->","yoast_head_json":{"title":"Licensombud - Framtida aff\u00e4rsutveckling Kook Management Oy","description":"Licensagenten Kook f\u00f6rser f\u00f6retag med verktyg f\u00f6r att differentiera sig p\u00e5 marknaden. Dra nytta av nya verktyg f\u00f6r att v\u00e4xa ditt f\u00f6retag. #licensing #IPR","robots":{"index":"index","follow":"follow","max-snippet":"max-snippet:-1","max-image-preview":"max-image-preview:large","max-video-preview":"max-video-preview:-1"},"canonical":"https:\/\/www.kookmanagement.fi\/sv\/en-licensombud-som-hjalper-ditt-foretag-hur-kan-ett-foretag-utmarka-sig-battre-pa-marknaden\/","og_locale":"sv_SE","og_type":"article","og_title":"Licensombud - Framtida aff\u00e4rsutveckling Kook Management Oy","og_description":"Licensagenten Kook f\u00f6rser f\u00f6retag med verktyg f\u00f6r att differentiera sig p\u00e5 marknaden. Dra nytta av nya verktyg f\u00f6r att v\u00e4xa ditt f\u00f6retag. #licensing #IPR","og_url":"https:\/\/www.kookmanagement.fi\/sv\/en-licensombud-som-hjalper-ditt-foretag-hur-kan-ett-foretag-utmarka-sig-battre-pa-marknaden\/","og_site_name":"Kook Management Oy","article_publisher":"https:\/\/www.facebook.com\/kookmngmt\/","og_image":[{"width":960,"height":188,"url":"https:\/\/www.kookmanagement.fi\/wp-content\/uploads\/2020\/03\/Alchemy-Finland-represented-by-KOOK-Management-012.jpg","type":"image\/jpeg"}],"twitter_card":"summary_large_image","twitter_site":"@kookmngmt","twitter_misc":{"Ber\u00e4knad l\u00e4stid":"2 minuter"},"schema":{"@context":"https:\/\/schema.org","@graph":[{"@type":"WebPage","@id":"https:\/\/www.kookmanagement.fi\/sv\/en-licensombud-som-hjalper-ditt-foretag-hur-kan-ett-foretag-utmarka-sig-battre-pa-marknaden\/","url":"https:\/\/www.kookmanagement.fi\/sv\/en-licensombud-som-hjalper-ditt-foretag-hur-kan-ett-foretag-utmarka-sig-battre-pa-marknaden\/","name":"Licensombud - Framtida aff\u00e4rsutveckling Kook Management Oy","isPartOf":{"@id":"https:\/\/www.kookmanagement.fi\/sv\/#website"},"primaryImageOfPage":{"@id":"https:\/\/www.kookmanagement.fi\/sv\/en-licensombud-som-hjalper-ditt-foretag-hur-kan-ett-foretag-utmarka-sig-battre-pa-marknaden\/#primaryimage"},"image":{"@id":"https:\/\/www.kookmanagement.fi\/sv\/en-licensombud-som-hjalper-ditt-foretag-hur-kan-ett-foretag-utmarka-sig-battre-pa-marknaden\/#primaryimage"},"thumbnailUrl":"https:\/\/www.kookmanagement.fi\/wp-content\/uploads\/2020\/03\/Alchemy-Finland-represented-by-KOOK-Management-012.jpg","datePublished":"2021-04-02T17:51:25+00:00","description":"Licensagenten Kook f\u00f6rser f\u00f6retag med verktyg f\u00f6r att differentiera sig p\u00e5 marknaden. Dra nytta av nya verktyg f\u00f6r att v\u00e4xa ditt f\u00f6retag. #licensing #IPR","breadcrumb":{"@id":"https:\/\/www.kookmanagement.fi\/sv\/en-licensombud-som-hjalper-ditt-foretag-hur-kan-ett-foretag-utmarka-sig-battre-pa-marknaden\/#breadcrumb"},"inLanguage":"sv-SE","potentialAction":[{"@type":"ReadAction","target":["https:\/\/www.kookmanagement.fi\/sv\/en-licensombud-som-hjalper-ditt-foretag-hur-kan-ett-foretag-utmarka-sig-battre-pa-marknaden\/"]}]},{"@type":"ImageObject","inLanguage":"sv-SE","@id":"https:\/\/www.kookmanagement.fi\/sv\/en-licensombud-som-hjalper-ditt-foretag-hur-kan-ett-foretag-utmarka-sig-battre-pa-marknaden\/#primaryimage","url":"https:\/\/www.kookmanagement.fi\/wp-content\/uploads\/2020\/03\/Alchemy-Finland-represented-by-KOOK-Management-012.jpg","contentUrl":"https:\/\/www.kookmanagement.fi\/wp-content\/uploads\/2020\/03\/Alchemy-Finland-represented-by-KOOK-Management-012.jpg","width":960,"height":188,"caption":"Den popul\u00e4raste Alchemy-bildbanken Black Rose. Kook-agenttj\u00e4nsten letar efter en partner i de nordiska l\u00e4nderna."},{"@type":"BreadcrumbList","@id":"https:\/\/www.kookmanagement.fi\/sv\/en-licensombud-som-hjalper-ditt-foretag-hur-kan-ett-foretag-utmarka-sig-battre-pa-marknaden\/#breadcrumb","itemListElement":[{"@type":"ListItem","position":1,"name":"Home","item":"https:\/\/www.kookmanagement.fi\/sv\/"},{"@type":"ListItem","position":2,"name":"En licensombud som hj\u00e4lper ditt f\u00f6retag &#8211; hur kan ett f\u00f6retag utm\u00e4rka sig b\u00e4ttre p\u00e5 marknaden?"}]},{"@type":"WebSite","@id":"https:\/\/www.kookmanagement.fi\/sv\/#website","url":"https:\/\/www.kookmanagement.fi\/sv\/","name":"Kook Management Oy","description":"We work with business development as licensing agent in northern Europe, train in workshops about team management with creative future tools for human resources and we serve as B2B sales and digital marketing agency.","publisher":{"@id":"https:\/\/www.kookmanagement.fi\/sv\/#organization"},"potentialAction":[{"@type":"SearchAction","target":{"@type":"EntryPoint","urlTemplate":"https:\/\/www.kookmanagement.fi\/sv\/?s={search_term_string}"},"query-input":{"@type":"PropertyValueSpecification","valueRequired":true,"valueName":"search_term_string"}}],"inLanguage":"sv-SE"},{"@type":"Organization","@id":"https:\/\/www.kookmanagement.fi\/sv\/#organization","name":"KOOK Management Oy","url":"https:\/\/www.kookmanagement.fi\/sv\/","logo":{"@type":"ImageObject","inLanguage":"sv-SE","@id":"https:\/\/www.kookmanagement.fi\/sv\/#\/schema\/logo\/image\/","url":"https:\/\/www.kookmanagement.fi\/wp-content\/uploads\/2018\/08\/kook-logo-pink-on-blue-1.jpg","contentUrl":"https:\/\/www.kookmanagement.fi\/wp-content\/uploads\/2018\/08\/kook-logo-pink-on-blue-1.jpg","width":2338,"height":1653,"caption":"KOOK Management Oy"},"image":{"@id":"https:\/\/www.kookmanagement.fi\/sv\/#\/schema\/logo\/image\/"},"sameAs":["https:\/\/www.facebook.com\/kookmngmt\/","https:\/\/x.com\/kookmngmt","https:\/\/www.instagram.com\/kookmngmt\/","https:\/\/www.linkedin.com\/company\/26190078\/admin\/","https:\/\/www.youtube.com\/channel\/UCXu2RSBsAn-mRDy2mDgl8EQ?view_as=subscriber"]}]}},"_links":{"self":[{"href":"https:\/\/www.kookmanagement.fi\/sv\/wp-json\/wp\/v2\/pages\/3484"}],"collection":[{"href":"https:\/\/www.kookmanagement.fi\/sv\/wp-json\/wp\/v2\/pages"}],"about":[{"href":"https:\/\/www.kookmanagement.fi\/sv\/wp-json\/wp\/v2\/types\/page"}],"author":[{"embeddable":true,"href":"https:\/\/www.kookmanagement.fi\/sv\/wp-json\/wp\/v2\/users\/1"}],"replies":[{"embeddable":true,"href":"https:\/\/www.kookmanagement.fi\/sv\/wp-json\/wp\/v2\/comments?post=3484"}],"version-history":[{"count":1,"href":"https:\/\/www.kookmanagement.fi\/sv\/wp-json\/wp\/v2\/pages\/3484\/revisions"}],"predecessor-version":[{"id":3486,"href":"https:\/\/www.kookmanagement.fi\/sv\/wp-json\/wp\/v2\/pages\/3484\/revisions\/3486"}],"wp:featuredmedia":[{"embeddable":true,"href":"https:\/\/www.kookmanagement.fi\/sv\/wp-json\/wp\/v2\/media\/3485"}],"wp:attachment":[{"href":"https:\/\/www.kookmanagement.fi\/sv\/wp-json\/wp\/v2\/media?parent=3484"}],"curies":[{"name":"wp","href":"https:\/\/api.w.org\/{rel}","templated":true}]}}