{"id":3474,"date":"2021-04-02T20:47:17","date_gmt":"2021-04-02T17:47:17","guid":{"rendered":"https:\/\/www.kookmanagement.fi\/hur-kook-ar-det-fel-404\/"},"modified":"2021-04-02T20:47:18","modified_gmt":"2021-04-02T17:47:18","slug":"hur-kook-ar-det-fel-404","status":"publish","type":"page","link":"https:\/\/www.kookmanagement.fi\/sv\/hur-kook-ar-det-fel-404\/","title":{"rendered":"Hur KOOK \u00e4r det &#8211; fel 404"},"content":{"rendered":"\n<figure class=\"wp-block-image\"><img decoding=\"async\" src=\"https:\/\/www.kookmanagement.fi\/wp-content\/uploads\/2019\/08\/Muutoksien-nopeuttaminen-yrityksiss&#xE4;-Kook-Management-011966-1024x364.jpg\" alt=\"Hur KOOK &#xE4;r det - fel 404 - Att hantera f&#xF6;r&#xE4;ndring &#xE4;r ledarskap - Av n&#xE5;gon anledning &#xE4;r h&#xE4;r &quot;Hur KOOK &#xE4;r det - fel 404&quot; \" class=\"wp-image-1390\"\/><\/figure>\n\n<h2 class=\"wp-block-heading\">WOW &#8211; Denna sida kunde inte hittas <\/h2>\n\n<p class=\"has-medium-font-size\">Vilken bummer &#8211; Den h\u00e4r sidl\u00e4nken fungerar inte &#8230; nu. Men hej, inga bekymmer. Det finns andra sidor som du kan l\u00e4sa. Vi \u00e4r s\u00e5 glada \u00f6ver v\u00e5ra kunder! Hur Kook \u00e4r det?<\/p>\n\n<p class=\"has-medium-font-size\"><strong>K\u00e4nde du till v\u00e5rt huvudsakliga syfte f\u00f6r v\u00e5ra kunder:<\/strong><\/p>\n\n<ul class=\"wp-block-list\"><li>Hitta mer f\u00f6rs\u00e4ljning och \u00f6ka medvetenheten<\/li><li>Utveckla v\u00e5r kunds verksamhet och hj\u00e4lp dem med de nya digitala verktygen vi har<\/li><li>\u00d6ka kunskapen om hur man anv\u00e4nder kreativa proffs<\/li><li>Tr\u00e4na kunderna hur de kan utnyttja licensieringens potential<\/li><\/ul>\n\n<h2 class=\"wp-block-heading\">HERREGUD! Hur KOOK \u00e4r det &#8211; fel 404 <\/h2>\n\n<p>\u00c4ven om du inte hittade det du letade efter, v\u00e4nligen forts\u00e4tt. Klicka p\u00e5 n\u00e5gon l\u00e4nk p\u00e5 den h\u00e4r sidan s\u00e5 hittar du oss. <br\/>\u00c4ven nyckelord som vi vill anv\u00e4nda: #IPR #licensing #businessdevelopment #marketing #sales<\/p>\n\n<p>Om du inte har br\u00e5ttom uppskattar vi s\u00e4kert om du kan skicka ett kort meddelande till oss vilken sida inte fungerade f\u00f6r dig. <a href=\"mailto:asiakaspalvelu@kookmanagement.fi\">Skicka oss ett mejl h\u00e4r, tack!<\/a><\/p>\n<div\n\t\t\t\n\t\t\tclass=\"so-widget-sow-social-media-buttons so-widget-sow-social-media-buttons-flat-daa8d4c824e6\"\n\t\t\t\n\t\t>\n<h3 class=\"widget-title\">Yo, Dooooed! For more about KOOK &#8211; Please check these out!<\/h3>\n<div class=\"social-media-button-container\">\n\t\n\t\t<a \n\t\tclass=\"ow-button-hover sow-social-media-button-facebook-0 sow-social-media-button\" title=\"Facebook\" aria-label=\"Facebook\" target=\"_blank\" rel=\"noopener noreferrer\" href=\"https:\/\/www.facebook.com\/\" \t\t>\n\t\t\t<span>\n\t\t\t\t\t\t\t\t<span class=\"sow-icon-fontawesome sow-fab\" data-sow-icon=\"&#xf39e;\"\n\t\t \n\t\taria-hidden=\"true\"><\/span>\t\t\t\t\t\t\t<\/span>\n\t\t<\/a>\n\t\n\t\t<a \n\t\tclass=\"ow-button-hover sow-social-media-button-instagram-0 sow-social-media-button\" title=\"Instagram\" aria-label=\"Instagram\" target=\"_blank\" rel=\"noopener noreferrer\" href=\"https:\/\/instagram.com\/\" \t\t>\n\t\t\t<span>\n\t\t\t\t\t\t\t\t<span class=\"sow-icon-fontawesome sow-fab\" data-sow-icon=\"&#xf16d;\"\n\t\t \n\t\taria-hidden=\"true\"><\/span>\t\t\t\t\t\t\t<\/span>\n\t\t<\/a>\n\t\n\t\t<a \n\t\tclass=\"ow-button-hover sow-social-media-button--0 sow-social-media-button\" title=\"Twitter\" aria-label=\"Twitter\" target=\"_blank\" rel=\"noopener noreferrer\" href=\"https:\/\/twitter.com\/\" \t\t>\n\t\t\t<span>\n\t\t\t\t\t\t\t\t\t\t\t\t\t\t\t<\/span>\n\t\t<\/a>\n\t\n\t\t<a \n\t\tclass=\"ow-button-hover sow-social-media-button-youtube-0 sow-social-media-button\" title=\"Youtube\" aria-label=\"Youtube\" target=\"_blank\" rel=\"noopener noreferrer\" href=\"https:\/\/www.youtube.com\/\" \t\t>\n\t\t\t<span>\n\t\t\t\t\t\t\t\t<span class=\"sow-icon-fontawesome sow-fab\" data-sow-icon=\"&#xf167;\"\n\t\t \n\t\taria-hidden=\"true\"><\/span>\t\t\t\t\t\t\t<\/span>\n\t\t<\/a>\n\t<\/div>\n<\/div>\n<p><br\/><a href=\"https:\/\/www.kookmanagement.fi\/sv\/\">Fr\u00e5n den h\u00e4r l\u00e4nken kan du g\u00e5 tillbaka till v\u00e5r hemsida.<\/a> <br\/>Hur KOOK \u00e4r det &#8211; fel 404 kan \u00e5tg\u00e4rdas \ud83d\ude42<\/p>\n\n<h2 class=\"wp-block-heading\">V\u00e5ra senaste blogginl\u00e4gg &#8211; p\u00e5 finska<\/h2>\n<ul class=\"wp-block-latest-posts__list wp-block-latest-posts\"><li><a class=\"wp-block-latest-posts__post-title\" href=\"https:\/\/www.kookmanagement.fi\/sv\/amning-ung-familj-forhallande-prisbelont-mor-och-mjolk-animation-nu-i-vimeo\/\">Amning, ung familj, f\u00f6rh\u00e5llande &#8211; Prisbel\u00f6nt mor och mj\u00f6lk-animation nu i Vimeo<\/a><\/li>\n<li><a class=\"wp-block-latest-posts__post-title\" href=\"https:\/\/www.kookmanagement.fi\/sv\/alchemy-fantastisk-svart-illustration\/\">Alchemy &#8211; Fantastisk svart illustration!<\/a><\/li>\n<li><a class=\"wp-block-latest-posts__post-title\" href=\"https:\/\/www.kookmanagement.fi\/sv\/sta-ut-med-ditt-konstverk-licensiering-av-det-legendariska-varumarket-och-illustrationen-av-alchemy-england\/\">St\u00e5 ut med ditt konstverk! &#8211; Licensiering av det legendariska varum\u00e4rket och illustrationen av Alchemy England<\/a><\/li>\n<li><a class=\"wp-block-latest-posts__post-title\" href=\"https:\/\/www.kookmanagement.fi\/sv\/hur-fungerar-varumarkeslicenser-och-var-borjar-forhandlingar\/\">Hur fungerar varum\u00e4rkeslicenser och var b\u00f6rjar f\u00f6rhandlingar?<\/a><\/li>\n<\/ul>\n<p>Eller om du vill s\u00f6ka i v\u00e5rt f\u00f6retag, Kook Management fr\u00e5n Google.<br\/><a href=\"https:\/\/www.google.com\">Sn\u00e4lla, g\u00f6r det h\u00e4r!<\/a><\/p>\n","protected":false},"excerpt":{"rendered":"<p>WOW &#8211; Denna sida kunde inte hittas Vilken bummer &#8211; Den h\u00e4r sidl\u00e4nken fungerar inte &#8230; nu. Men hej, inga bekymmer. Det finns andra sidor som du kan l\u00e4sa. Vi \u00e4r s\u00e5 glada \u00f6ver &hellip; <a class=\"kt-excerpt-readmore\" href=\"https:\/\/www.kookmanagement.fi\/sv\/hur-kook-ar-det-fel-404\/\" aria-label=\"Hur KOOK \u00e4r det &#8211; fel 404\">Lue lis\u00e4\u00e4<\/a><\/p>\n","protected":false},"author":1,"featured_media":0,"parent":0,"menu_order":0,"comment_status":"closed","ping_status":"closed","template":"","meta":{"_joinchat":[],"footnotes":""},"class_list":["post-3474","page","type-page","status-publish","hentry"],"yoast_head":"<!-- This site is optimized with the Yoast SEO plugin v25.6 - https:\/\/yoast.com\/wordpress\/plugins\/seo\/ -->\n<title>Hur KOOK \u00e4r det - fel 404 - Kook Management Oy<\/title>\n<meta name=\"description\" content=\"Hur KOOK \u00e4r det - fel 404 - Sida under uppbyggnad, ur spel, n\u00e5got annat? Kook Management erbjuder dock ett perspektiv p\u00e5 dina tj\u00e4nster! Ber\u00e4tta vad du letar efter!\" \/>\n<meta name=\"robots\" content=\"index, follow, max-snippet:-1, max-image-preview:large, max-video-preview:-1\" \/>\n<link rel=\"canonical\" href=\"https:\/\/www.kookmanagement.fi\/sv\/hur-kook-ar-det-fel-404\/\" \/>\n<meta property=\"og:locale\" content=\"sv_SE\" \/>\n<meta property=\"og:type\" content=\"article\" \/>\n<meta property=\"og:title\" content=\"Hur KOOK \u00e4r det - fel 404 - Kook Management Oy\" \/>\n<meta property=\"og:description\" content=\"Hur KOOK \u00e4r det - fel 404 - Sida under uppbyggnad, ur spel, n\u00e5got annat? Kook Management erbjuder dock ett perspektiv p\u00e5 dina tj\u00e4nster! Ber\u00e4tta vad du letar efter!\" \/>\n<meta property=\"og:url\" content=\"https:\/\/www.kookmanagement.fi\/sv\/hur-kook-ar-det-fel-404\/\" \/>\n<meta property=\"og:site_name\" content=\"Kook Management Oy\" \/>\n<meta property=\"article:publisher\" content=\"https:\/\/www.facebook.com\/kookmngmt\/\" \/>\n<meta property=\"article:modified_time\" content=\"2021-04-02T17:47:18+00:00\" \/>\n<meta property=\"og:image\" content=\"https:\/\/www.kookmanagement.fi\/wp-content\/uploads\/2019\/08\/Muutoksien-nopeuttaminen-yrityksiss&#xE4;-Kook-Management-011966-1024x364.jpg\" \/>\n<meta name=\"twitter:card\" content=\"summary_large_image\" \/>\n<meta name=\"twitter:site\" content=\"@kookmngmt\" \/>\n<meta name=\"twitter:label1\" content=\"Ber\u00e4knad l\u00e4stid\" \/>\n\t<meta name=\"twitter:data1\" content=\"1 minut\" \/>\n<script type=\"application\/ld+json\" class=\"yoast-schema-graph\">{\"@context\":\"https:\/\/schema.org\",\"@graph\":[{\"@type\":\"WebPage\",\"@id\":\"https:\/\/www.kookmanagement.fi\/sv\/hur-kook-ar-det-fel-404\/\",\"url\":\"https:\/\/www.kookmanagement.fi\/sv\/hur-kook-ar-det-fel-404\/\",\"name\":\"Hur KOOK \u00e4r det - fel 404 - Kook Management Oy\",\"isPartOf\":{\"@id\":\"https:\/\/www.kookmanagement.fi\/sv\/#website\"},\"primaryImageOfPage\":{\"@id\":\"https:\/\/www.kookmanagement.fi\/sv\/hur-kook-ar-det-fel-404\/#primaryimage\"},\"image\":{\"@id\":\"https:\/\/www.kookmanagement.fi\/sv\/hur-kook-ar-det-fel-404\/#primaryimage\"},\"thumbnailUrl\":\"https:\/\/www.kookmanagement.fi\/wp-content\/uploads\/2019\/08\/Muutoksien-nopeuttaminen-yrityksiss&#xE4;-Kook-Management-011966-1024x364.jpg\",\"datePublished\":\"2021-04-02T17:47:17+00:00\",\"dateModified\":\"2021-04-02T17:47:18+00:00\",\"description\":\"Hur KOOK \u00e4r det - fel 404 - Sida under uppbyggnad, ur spel, n\u00e5got annat? Kook Management erbjuder dock ett perspektiv p\u00e5 dina tj\u00e4nster! Ber\u00e4tta vad du letar efter!\",\"breadcrumb\":{\"@id\":\"https:\/\/www.kookmanagement.fi\/sv\/hur-kook-ar-det-fel-404\/#breadcrumb\"},\"inLanguage\":\"sv-SE\",\"potentialAction\":[{\"@type\":\"ReadAction\",\"target\":[\"https:\/\/www.kookmanagement.fi\/sv\/hur-kook-ar-det-fel-404\/\"]}]},{\"@type\":\"ImageObject\",\"inLanguage\":\"sv-SE\",\"@id\":\"https:\/\/www.kookmanagement.fi\/sv\/hur-kook-ar-det-fel-404\/#primaryimage\",\"url\":\"https:\/\/www.kookmanagement.fi\/wp-content\/uploads\/2019\/08\/Muutoksien-nopeuttaminen-yrityksiss&#xE4;-Kook-Management-011966-1024x364.jpg\",\"contentUrl\":\"https:\/\/www.kookmanagement.fi\/wp-content\/uploads\/2019\/08\/Muutoksien-nopeuttaminen-yrityksiss&#xE4;-Kook-Management-011966-1024x364.jpg\"},{\"@type\":\"BreadcrumbList\",\"@id\":\"https:\/\/www.kookmanagement.fi\/sv\/hur-kook-ar-det-fel-404\/#breadcrumb\",\"itemListElement\":[{\"@type\":\"ListItem\",\"position\":1,\"name\":\"Home\",\"item\":\"https:\/\/www.kookmanagement.fi\/sv\/\"},{\"@type\":\"ListItem\",\"position\":2,\"name\":\"Hur KOOK \u00e4r det &#8211; fel 404\"}]},{\"@type\":\"WebSite\",\"@id\":\"https:\/\/www.kookmanagement.fi\/sv\/#website\",\"url\":\"https:\/\/www.kookmanagement.fi\/sv\/\",\"name\":\"Kook Management Oy\",\"description\":\"We work with business development as licensing agent in northern Europe, train in workshops about team management with creative future tools for human resources and we serve as B2B sales and digital marketing agency.\",\"publisher\":{\"@id\":\"https:\/\/www.kookmanagement.fi\/sv\/#organization\"},\"potentialAction\":[{\"@type\":\"SearchAction\",\"target\":{\"@type\":\"EntryPoint\",\"urlTemplate\":\"https:\/\/www.kookmanagement.fi\/sv\/?s={search_term_string}\"},\"query-input\":{\"@type\":\"PropertyValueSpecification\",\"valueRequired\":true,\"valueName\":\"search_term_string\"}}],\"inLanguage\":\"sv-SE\"},{\"@type\":\"Organization\",\"@id\":\"https:\/\/www.kookmanagement.fi\/sv\/#organization\",\"name\":\"KOOK Management Oy\",\"url\":\"https:\/\/www.kookmanagement.fi\/sv\/\",\"logo\":{\"@type\":\"ImageObject\",\"inLanguage\":\"sv-SE\",\"@id\":\"https:\/\/www.kookmanagement.fi\/sv\/#\/schema\/logo\/image\/\",\"url\":\"https:\/\/www.kookmanagement.fi\/wp-content\/uploads\/2018\/08\/kook-logo-pink-on-blue-1.jpg\",\"contentUrl\":\"https:\/\/www.kookmanagement.fi\/wp-content\/uploads\/2018\/08\/kook-logo-pink-on-blue-1.jpg\",\"width\":2338,\"height\":1653,\"caption\":\"KOOK Management Oy\"},\"image\":{\"@id\":\"https:\/\/www.kookmanagement.fi\/sv\/#\/schema\/logo\/image\/\"},\"sameAs\":[\"https:\/\/www.facebook.com\/kookmngmt\/\",\"https:\/\/x.com\/kookmngmt\",\"https:\/\/www.instagram.com\/kookmngmt\/\",\"https:\/\/www.linkedin.com\/company\/26190078\/admin\/\",\"https:\/\/www.youtube.com\/channel\/UCXu2RSBsAn-mRDy2mDgl8EQ?view_as=subscriber\"]}]}<\/script>\n<!-- \/ Yoast SEO plugin. -->","yoast_head_json":{"title":"Hur KOOK \u00e4r det - fel 404 - Kook Management Oy","description":"Hur KOOK \u00e4r det - fel 404 - Sida under uppbyggnad, ur spel, n\u00e5got annat? Kook Management erbjuder dock ett perspektiv p\u00e5 dina tj\u00e4nster! Ber\u00e4tta vad du letar efter!","robots":{"index":"index","follow":"follow","max-snippet":"max-snippet:-1","max-image-preview":"max-image-preview:large","max-video-preview":"max-video-preview:-1"},"canonical":"https:\/\/www.kookmanagement.fi\/sv\/hur-kook-ar-det-fel-404\/","og_locale":"sv_SE","og_type":"article","og_title":"Hur KOOK \u00e4r det - fel 404 - Kook Management Oy","og_description":"Hur KOOK \u00e4r det - fel 404 - Sida under uppbyggnad, ur spel, n\u00e5got annat? Kook Management erbjuder dock ett perspektiv p\u00e5 dina tj\u00e4nster! Ber\u00e4tta vad du letar efter!","og_url":"https:\/\/www.kookmanagement.fi\/sv\/hur-kook-ar-det-fel-404\/","og_site_name":"Kook Management Oy","article_publisher":"https:\/\/www.facebook.com\/kookmngmt\/","article_modified_time":"2021-04-02T17:47:18+00:00","og_image":[{"url":"https:\/\/www.kookmanagement.fi\/wp-content\/uploads\/2019\/08\/Muutoksien-nopeuttaminen-yrityksiss&#xE4;-Kook-Management-011966-1024x364.jpg","type":"","width":"","height":""}],"twitter_card":"summary_large_image","twitter_site":"@kookmngmt","twitter_misc":{"Ber\u00e4knad l\u00e4stid":"1 minut"},"schema":{"@context":"https:\/\/schema.org","@graph":[{"@type":"WebPage","@id":"https:\/\/www.kookmanagement.fi\/sv\/hur-kook-ar-det-fel-404\/","url":"https:\/\/www.kookmanagement.fi\/sv\/hur-kook-ar-det-fel-404\/","name":"Hur KOOK \u00e4r det - fel 404 - Kook Management Oy","isPartOf":{"@id":"https:\/\/www.kookmanagement.fi\/sv\/#website"},"primaryImageOfPage":{"@id":"https:\/\/www.kookmanagement.fi\/sv\/hur-kook-ar-det-fel-404\/#primaryimage"},"image":{"@id":"https:\/\/www.kookmanagement.fi\/sv\/hur-kook-ar-det-fel-404\/#primaryimage"},"thumbnailUrl":"https:\/\/www.kookmanagement.fi\/wp-content\/uploads\/2019\/08\/Muutoksien-nopeuttaminen-yrityksiss&#xE4;-Kook-Management-011966-1024x364.jpg","datePublished":"2021-04-02T17:47:17+00:00","dateModified":"2021-04-02T17:47:18+00:00","description":"Hur KOOK \u00e4r det - fel 404 - Sida under uppbyggnad, ur spel, n\u00e5got annat? Kook Management erbjuder dock ett perspektiv p\u00e5 dina tj\u00e4nster! Ber\u00e4tta vad du letar efter!","breadcrumb":{"@id":"https:\/\/www.kookmanagement.fi\/sv\/hur-kook-ar-det-fel-404\/#breadcrumb"},"inLanguage":"sv-SE","potentialAction":[{"@type":"ReadAction","target":["https:\/\/www.kookmanagement.fi\/sv\/hur-kook-ar-det-fel-404\/"]}]},{"@type":"ImageObject","inLanguage":"sv-SE","@id":"https:\/\/www.kookmanagement.fi\/sv\/hur-kook-ar-det-fel-404\/#primaryimage","url":"https:\/\/www.kookmanagement.fi\/wp-content\/uploads\/2019\/08\/Muutoksien-nopeuttaminen-yrityksiss&#xE4;-Kook-Management-011966-1024x364.jpg","contentUrl":"https:\/\/www.kookmanagement.fi\/wp-content\/uploads\/2019\/08\/Muutoksien-nopeuttaminen-yrityksiss&#xE4;-Kook-Management-011966-1024x364.jpg"},{"@type":"BreadcrumbList","@id":"https:\/\/www.kookmanagement.fi\/sv\/hur-kook-ar-det-fel-404\/#breadcrumb","itemListElement":[{"@type":"ListItem","position":1,"name":"Home","item":"https:\/\/www.kookmanagement.fi\/sv\/"},{"@type":"ListItem","position":2,"name":"Hur KOOK \u00e4r det &#8211; fel 404"}]},{"@type":"WebSite","@id":"https:\/\/www.kookmanagement.fi\/sv\/#website","url":"https:\/\/www.kookmanagement.fi\/sv\/","name":"Kook Management Oy","description":"We work with business development as licensing agent in northern Europe, train in workshops about team management with creative future tools for human resources and we serve as B2B sales and digital marketing agency.","publisher":{"@id":"https:\/\/www.kookmanagement.fi\/sv\/#organization"},"potentialAction":[{"@type":"SearchAction","target":{"@type":"EntryPoint","urlTemplate":"https:\/\/www.kookmanagement.fi\/sv\/?s={search_term_string}"},"query-input":{"@type":"PropertyValueSpecification","valueRequired":true,"valueName":"search_term_string"}}],"inLanguage":"sv-SE"},{"@type":"Organization","@id":"https:\/\/www.kookmanagement.fi\/sv\/#organization","name":"KOOK Management Oy","url":"https:\/\/www.kookmanagement.fi\/sv\/","logo":{"@type":"ImageObject","inLanguage":"sv-SE","@id":"https:\/\/www.kookmanagement.fi\/sv\/#\/schema\/logo\/image\/","url":"https:\/\/www.kookmanagement.fi\/wp-content\/uploads\/2018\/08\/kook-logo-pink-on-blue-1.jpg","contentUrl":"https:\/\/www.kookmanagement.fi\/wp-content\/uploads\/2018\/08\/kook-logo-pink-on-blue-1.jpg","width":2338,"height":1653,"caption":"KOOK Management Oy"},"image":{"@id":"https:\/\/www.kookmanagement.fi\/sv\/#\/schema\/logo\/image\/"},"sameAs":["https:\/\/www.facebook.com\/kookmngmt\/","https:\/\/x.com\/kookmngmt","https:\/\/www.instagram.com\/kookmngmt\/","https:\/\/www.linkedin.com\/company\/26190078\/admin\/","https:\/\/www.youtube.com\/channel\/UCXu2RSBsAn-mRDy2mDgl8EQ?view_as=subscriber"]}]}},"_links":{"self":[{"href":"https:\/\/www.kookmanagement.fi\/sv\/wp-json\/wp\/v2\/pages\/3474"}],"collection":[{"href":"https:\/\/www.kookmanagement.fi\/sv\/wp-json\/wp\/v2\/pages"}],"about":[{"href":"https:\/\/www.kookmanagement.fi\/sv\/wp-json\/wp\/v2\/types\/page"}],"author":[{"embeddable":true,"href":"https:\/\/www.kookmanagement.fi\/sv\/wp-json\/wp\/v2\/users\/1"}],"replies":[{"embeddable":true,"href":"https:\/\/www.kookmanagement.fi\/sv\/wp-json\/wp\/v2\/comments?post=3474"}],"version-history":[{"count":3,"href":"https:\/\/www.kookmanagement.fi\/sv\/wp-json\/wp\/v2\/pages\/3474\/revisions"}],"predecessor-version":[{"id":3477,"href":"https:\/\/www.kookmanagement.fi\/sv\/wp-json\/wp\/v2\/pages\/3474\/revisions\/3477"}],"wp:attachment":[{"href":"https:\/\/www.kookmanagement.fi\/sv\/wp-json\/wp\/v2\/media?parent=3474"}],"curies":[{"name":"wp","href":"https:\/\/api.w.org\/{rel}","templated":true}]}}