{"id":3458,"date":"2021-04-02T20:40:09","date_gmt":"2021-04-02T17:40:09","guid":{"rendered":"https:\/\/www.kookmanagement.fi\/kook-management-ett-nytt-perspektiv-pa-din-tjanst\/"},"modified":"2021-04-27T11:45:12","modified_gmt":"2021-04-27T08:45:12","slug":"kook-management-ett-nytt-perspektiv-pa-din-tjanst","status":"publish","type":"page","link":"https:\/\/www.kookmanagement.fi\/sv\/","title":{"rendered":"KOOK Management &#8211; Ett nytt perspektiv p\u00e5 din tj\u00e4nst!"},"content":{"rendered":"\n<p style=\"font-size:26px\">Hur lockar du de b\u00e4sta experterna till ditt f\u00f6retag? Hur k\u00e4nner dina kunder igen dina tj\u00e4nster? I framtiden kommer ett f\u00f6retags framg\u00e5ng att komma fr\u00e5n ett skickligt team och dess m\u00e5nga m\u00f6jligheter.<br><br>Kook Management ger f\u00f6retag distinkta tj\u00e4nster f\u00f6r f\u00f6rs\u00e4ljning, marknadsf\u00f6ring och personalutveckling i f\u00f6r\u00e4ndringssituationer. Vi hanterar, licensierar och internationaliserar med v\u00e5ra kunder och partners.<\/p>\n\n\n\n<p style=\"font-size:26px\">Letar du efter en <a href=\"https:\/\/www.kookmanagement.fi\/sv\/licensbyra-i-finland-kook\/\"><strong>licenspartner<\/strong><\/a>? Mer information om <strong><a href=\"https:\/\/learn4more.lpages.co\/animal-century-for-licensing\/\" target=\"_blank\" rel=\"noreferrer noopener\">Animal Century-licensiering finns h\u00e4r<\/a>.<\/strong><\/p>\n\n\n\n<div class=\"wp-block-kadence-spacer aligncenter kt-block-spacer-_9bb433-fe\"><div class=\"kt-block-spacer kt-block-spacer-halign-center\" style=\"height:60px\"><hr class=\"kt-divider\" style=\"border-top-color:rgba(238, 238, 238, 1);border-top-width:1px;width:80%;border-top-style:solid\"\/><\/div><\/div>\n\n\n\n<figure class=\"wp-block-embed is-type-video is-provider-vimeo wp-block-embed-vimeo wp-embed-aspect-16-9 wp-has-aspect-ratio\"><div class=\"wp-block-embed__wrapper\">\n<iframe loading=\"lazy\" title=\"Yrityskauppa - Yrityksen kehitt\u00e4minen, johtaminen ja resilienssi\" src=\"https:\/\/player.vimeo.com\/video\/484466181?dnt=1&amp;app_id=122963\" width=\"500\" height=\"281\" frameborder=\"0\" allow=\"autoplay; fullscreen; picture-in-picture; clipboard-write; encrypted-media; web-share\" referrerpolicy=\"strict-origin-when-cross-origin\"><\/iframe>\n<\/div><\/figure>\n\n\n\n<h2 class=\"wp-block-heading\">Vad \u00e4r Kook Management?<\/h2>\n\n\n\n<p>Kook Management betj\u00e4nar f\u00f6retag i tider av f\u00f6r\u00e4ndring och utveckling; Lag och ledningsgrupper. Vi anv\u00e4nder v\u00e5r egen erfarenhet p\u00e5 en snabbt f\u00f6r\u00e4nderlig marknad. Vi utvecklar v\u00e5ra kunders verksamhet i f\u00f6r\u00e4ndringssituationer, fungerar som brobyggare, teamf\u00f6rst\u00e4rkare, konversations\u00f6ppnare och medlare. Vi tror p\u00e5 ett annat perspektiv, ett planerat, gr\u00e4ns\u00f6verskridande, ibland skakigt s\u00e4tt att arbeta. Vi lyssnar och sparar med v\u00e5ra kunder. Vi tj\u00e4nar i situationer d\u00e4r v\u00e5ra kunder beh\u00f6ver st\u00f6d f\u00f6r nya riktningar i framtiden. Vi utnyttjar ocks\u00e5 kreativa proffs med f\u00f6rm\u00e5gan att ge ett nytt perspektiv p\u00e5 v\u00e5ra kunders viktiga situationer och h\u00e4ndelser.<a href=\"https:\/\/www.kookmanagement.fi\/sv\/workshops-for-foretag\/\"> Ta reda p\u00e5 mer om v\u00e5ra workshops<\/a> .<\/p>\n\n\n\n<figure class=\"wp-block-image size-large\"><img loading=\"lazy\" decoding=\"async\" width=\"1024\" height=\"768\" src=\"https:\/\/www.kookmanagement.fi\/wp-content\/uploads\/2019\/12\/Neemo-Method-a-new-facilitation-tool-for-workshops-057871-1024x768.jpg\" alt=\"KOOK Management anv\u00e4nder workshopen Neemo Method. Det \u00e4r ett nytt verktyg f\u00f6r f\u00f6retagsledning. Personalhantering ger Neem verktyget f\u00f6r att utveckla framtida arbetslivskunskaper #futureofwork.\" class=\"wp-image-3651\" srcset=\"https:\/\/www.kookmanagement.fi\/wp-content\/uploads\/2019\/12\/Neemo-Method-a-new-facilitation-tool-for-workshops-057871-1024x768.jpg 1024w, https:\/\/www.kookmanagement.fi\/wp-content\/uploads\/2019\/12\/Neemo-Method-a-new-facilitation-tool-for-workshops-057871-300x225.jpg 300w, https:\/\/www.kookmanagement.fi\/wp-content\/uploads\/2019\/12\/Neemo-Method-a-new-facilitation-tool-for-workshops-057871-768x576.jpg 768w, https:\/\/www.kookmanagement.fi\/wp-content\/uploads\/2019\/12\/Neemo-Method-a-new-facilitation-tool-for-workshops-057871-1124x844.jpg 1124w, https:\/\/www.kookmanagement.fi\/wp-content\/uploads\/2019\/12\/Neemo-Method-a-new-facilitation-tool-for-workshops-057871-562x422.jpg 562w, https:\/\/www.kookmanagement.fi\/wp-content\/uploads\/2019\/12\/Neemo-Method-a-new-facilitation-tool-for-workshops-057871-520x390.jpg 520w, https:\/\/www.kookmanagement.fi\/wp-content\/uploads\/2019\/12\/Neemo-Method-a-new-facilitation-tool-for-workshops-057871-260x195.jpg 260w, https:\/\/www.kookmanagement.fi\/wp-content\/uploads\/2019\/12\/Neemo-Method-a-new-facilitation-tool-for-workshops-057871.jpg 1200w\" sizes=\"(max-width: 1024px) 100vw, 1024px\" \/><\/figure>\n\n\n\n<p>Foto: Vi anv\u00e4nder teamutveckling, l\u00e4randeutveckling och strategiarbete, t.ex. Neemo-metodverkstad. Vi skriver mer om den popul\u00e4ra bloggen om verktyget Neemo Method &#8211;<a rel=\"noreferrer noopener\" href=\"https:\/\/www.kookmanagement.fi\/organisaatio-kehitys-neemo-method\/\" target=\"_blank\"> l\u00e4s h\u00e4r!<\/a><\/p>\n\n\n\n<h2 class=\"wp-block-heading\">Verktyg fr\u00e5n marknadsf\u00f6ring till personalledning<\/h2>\n\n\n\n<p>Vi tj\u00e4nar v\u00e5ra kunder genom att lyssna, diskutera och f\u00f6rst\u00e5. Vi brinner f\u00f6r att utnyttja de kreativa branscherna f\u00f6r att utveckla f\u00f6retagets tj\u00e4nster och team. Vi utnyttjar v\u00e5r erfarenhet av f\u00f6r\u00e4ndring, inneh\u00e5llsproduktion, f\u00f6rs\u00e4ljning och marknadsf\u00f6ringseffektivitet. Vi kan ocks\u00e5 hj\u00e4lpa f\u00f6retag att utveckla och n\u00e5 befintliga och nya kunder, t.ex. med nya kreativa verktyg och metoder. V\u00e5rt team \u00e4r bekant med t.ex. marknadsplanering, implementering och produktion tillsammans med n\u00e4tverk av kreativa industrier. V\u00e5rt kontor \u00e4r d\u00e4r v\u00e5ra kunder \u00e4r. V\u00e5r bastu i Kaarina. Vi g\u00f6r marknadsf\u00f6ring, f\u00f6rs\u00e4ljning och kommunikationstj\u00e4nster. V\u00e5rt f\u00f6retag bedriver ocks\u00e5 kreativ ekonomi och branschagentverksamhet samt f\u00f6rvaltnings- och publicerings- och licensverksamhet.<\/p>\n\n\n\n<figure class=\"wp-block-image size-large\"><img loading=\"lazy\" decoding=\"async\" width=\"1024\" height=\"387\" src=\"https:\/\/www.kookmanagement.fi\/wp-content\/uploads\/2019\/06\/Innovaatioseteli-Business-Finland-hakemus-KOOK-Management-062019-012658-1024x387.jpg\" alt=\"Kook Management betj\u00e4nar f\u00f6retag, team och ledningsgrupper i situationer med f\u00f6r\u00e4ndring och utveckling. \" class=\"wp-image-3614\" srcset=\"https:\/\/www.kookmanagement.fi\/wp-content\/uploads\/2019\/06\/Innovaatioseteli-Business-Finland-hakemus-KOOK-Management-062019-012658-1024x387.jpg 1024w, https:\/\/www.kookmanagement.fi\/wp-content\/uploads\/2019\/06\/Innovaatioseteli-Business-Finland-hakemus-KOOK-Management-062019-012658-300x114.jpg 300w, https:\/\/www.kookmanagement.fi\/wp-content\/uploads\/2019\/06\/Innovaatioseteli-Business-Finland-hakemus-KOOK-Management-062019-012658-768x291.jpg 768w, https:\/\/www.kookmanagement.fi\/wp-content\/uploads\/2019\/06\/Innovaatioseteli-Business-Finland-hakemus-KOOK-Management-062019-012658.jpg 1200w\" sizes=\"(max-width: 1024px) 100vw, 1024px\" \/><\/figure>\n\n\n\n<h2 class=\"wp-block-heading\">Agent- och licensieringstj\u00e4nster<\/h2>\n\n\n\n<p>Kook Management \u00e4r mer \u00e4n<a href=\"https:\/\/www.kookmanagement.fi\/kook-agents-agentti\/\"> m\u00e4klare eller agent.<\/a> Kreativa proffs \u00e4r ofta topprankade artister som sk\u00e5despelare, musiker, dansare, trollkarl, m\u00e5lare, fotograf eller f\u00f6rfattare. M\u00e5nga kreativa proffs st\u00e5r inf\u00f6r utmaningar med f\u00f6rs\u00e4ljning, marknadsf\u00f6ring och administration. Ofta anv\u00e4nder de inte s\u00e4ljbeh\u00e5llare, marknadsf\u00f6ringsautomatisering, inneh\u00e5llsmarknadsf\u00f6ring, sociala medier eller optimerar sina egna webbplatser. M\u00e5nga har utmaningen att regelbundet kontakta gamla och nya kunder, aktivt f\u00e5 feedback p\u00e5 sina tj\u00e4nster, spara p\u00e5 att utveckla sina egna int\u00e4ktskanaler etc. Det finns ofta f\u00f6r lite tid kvar f\u00f6r ditt eget kreativa arbete.<\/p>\n\n\n\n<p>Vi levererar baserat p\u00e5 f\u00f6rtroende. Vi kan hj\u00e4lpa kreativa spelare som har visat sin f\u00f6rm\u00e5ga att vara entrepren\u00f6r, bli glada \u00f6ver spelningar och nya projekt, betj\u00e4na sina kunder och vill p\u00e5verka deras milj\u00f6 genom sina tj\u00e4nster. Kook Management kan hj\u00e4lpa till med en tydlig verksamhetsmodell, \u00f6ppen diskussion och nya f\u00f6rs\u00e4ljnings- och marknadsf\u00f6ringsverktyg. Kook bryr sig om spelarna i den kreativa branschen. Ta reda p\u00e5 mer om v\u00e5ra agenttj\u00e4nster och boka ett videom\u00f6te.<br><br>K\u00e4nner du till Alchemy Gothic eller YL13 bildgallerier? Intresserad av ett licensieringspartnerskap f\u00f6r mor och mj\u00f6lk? Ber\u00e4tta mer och du kan ocks\u00e5 fylla i det<a rel=\"noreferrer noopener\" href=\"https:\/\/www.surveymonkey.co.uk\/r\/5PTFT3Y\" target=\"_blank\"> kompletterande informationsblad<\/a> (eng.).<\/p>\n\n\n\n<figure class=\"wp-block-image size-large\"><img loading=\"lazy\" decoding=\"async\" width=\"1024\" height=\"252\" src=\"https:\/\/www.kookmanagement.fi\/wp-content\/uploads\/2019\/09\/Brand-Licensing-Europe-2019-banner-0143-1024x252.jpg\" alt=\"KOOK Management deltar aktivt i Brnaad Licensing Europe-m\u00e4ssan i London Excel 2019\" class=\"wp-image-3426\" srcset=\"https:\/\/www.kookmanagement.fi\/wp-content\/uploads\/2019\/09\/Brand-Licensing-Europe-2019-banner-0143-1024x252.jpg 1024w, https:\/\/www.kookmanagement.fi\/wp-content\/uploads\/2019\/09\/Brand-Licensing-Europe-2019-banner-0143-300x74.jpg 300w, https:\/\/www.kookmanagement.fi\/wp-content\/uploads\/2019\/09\/Brand-Licensing-Europe-2019-banner-0143-768x189.jpg 768w, https:\/\/www.kookmanagement.fi\/wp-content\/uploads\/2019\/09\/Brand-Licensing-Europe-2019-banner-0143.jpg 1200w\" sizes=\"(max-width: 1024px) 100vw, 1024px\" \/><\/figure>\n\n\n\n<p>Foto: Kook Management har flera g\u00e5nger deltagit i licensindustrim\u00e4ssan Brand Licensing Europe (BLE) i London. Vi erbjuder de immateriella r\u00e4ttigheterna vi representerar till internationella akt\u00f6rer och letar efter nya immateriella r\u00e4ttigheter f\u00f6r v\u00e5ra kunder f\u00f6r att utveckla f\u00f6rs\u00e4ljningen av kundf\u00f6retaget.<\/p>\n\n\n\n<h2 class=\"wp-block-heading\">Kook Management \u00e4r medlem i AGMA<\/h2>\n\n\n\n<p>Creative Economic Agents and Managers Association AGMA representerar f\u00f6retag som fungerar som mellanh\u00e4nder inom alla kreativa industrier. AGMA fungerar som en f\u00f6respr\u00e5kare f\u00f6r sina medlemsf\u00f6retag, tillhandah\u00e5ller evenemang och coachning och deltar aktivt i utvecklingen av den kreativa ekonomin p\u00e5 nationell och internationell niv\u00e5. Du kan l\u00e4ra dig mer om AGMAs aktiviteter<a href=\"https:\/\/www.agma.fi\/meista1\"> h\u00e4rifr\u00e5n.<\/a><\/p>\n\n\n<div\n\t\t\t\n\t\t\tclass=\"so-widget-sow-video so-widget-sow-video-default-c08170c47cfb\"\n\t\t\t\n\t\t>\n<div class=\"sow-video-wrapper\n\">\n\t\t\t\t<\/div>\n<\/div>\n\n\n<h2 class=\"has-text-align-left wp-block-heading\">Hur KOOK \u00e4r det?<\/h2>\n\n\n\n<p class=\"has-text-align-left has-medium-font-size\">Vi v\u00e4cker behovet av f\u00f6r\u00e4ndring. <br>Vi synligg\u00f6r f\u00f6r\u00e4ndringen. <br>Vi kommer att f\u00f6rb\u00e4ttra din f\u00f6rm\u00e5ga att sticka ut p\u00e5 marknaden. <br>Vi lyssnar, vi utvecklas, vi coachar. <br><a href=\"https:\/\/www.kookmanagement.fi\/sv\/kontaktinformation\/\">Ta kontakt!<\/a><\/p>\n","protected":false},"excerpt":{"rendered":"<p>Hur lockar du de b\u00e4sta experterna till ditt f\u00f6retag? Hur k\u00e4nner dina kunder igen dina tj\u00e4nster? I framtiden kommer ett f\u00f6retags framg\u00e5ng att komma fr\u00e5n ett skickligt team och dess m\u00e5nga m\u00f6jligheter. Kook Management &hellip; <a class=\"kt-excerpt-readmore\" href=\"https:\/\/www.kookmanagement.fi\/sv\/\" aria-label=\"KOOK Management &#8211; Ett nytt perspektiv p\u00e5 din tj\u00e4nst!\">Lue lis\u00e4\u00e4<\/a><\/p>\n","protected":false},"author":1,"featured_media":3464,"parent":0,"menu_order":0,"comment_status":"closed","ping_status":"closed","template":"","meta":{"_joinchat":[],"footnotes":""},"class_list":["post-3458","page","type-page","status-publish","has-post-thumbnail","hentry"],"yoast_head":"<!-- This site is optimized with the Yoast SEO plugin v25.6 - https:\/\/yoast.com\/wordpress\/plugins\/seo\/ -->\n<title>KOOK Management - Ett nytt perspektiv p\u00e5 din tj\u00e4nst!<\/title>\n<meta name=\"description\" content=\"KOOK Management - Ett nytt perspektiv p\u00e5 dina tj\u00e4nster! Vi \u00e4r glada \u00f6ver v\u00e5ra kunders tillv\u00e4xt och m\u00f6jligheter, immateriella r\u00e4ttigheter, kommunikation och f\u00f6rs\u00e4ljning.\" \/>\n<meta name=\"robots\" content=\"index, follow, max-snippet:-1, max-image-preview:large, max-video-preview:-1\" \/>\n<link rel=\"canonical\" href=\"https:\/\/www.kookmanagement.fi\/sv\/\" \/>\n<meta property=\"og:locale\" content=\"sv_SE\" \/>\n<meta property=\"og:type\" content=\"article\" \/>\n<meta property=\"og:title\" content=\"KOOK Management - Ett nytt perspektiv p\u00e5 din tj\u00e4nst!\" \/>\n<meta property=\"og:description\" content=\"KOOK Management - Ett nytt perspektiv p\u00e5 dina tj\u00e4nster! Vi \u00e4r glada \u00f6ver v\u00e5ra kunders tillv\u00e4xt och m\u00f6jligheter, immateriella r\u00e4ttigheter, kommunikation och f\u00f6rs\u00e4ljning.\" \/>\n<meta property=\"og:url\" content=\"https:\/\/www.kookmanagement.fi\/sv\/\" \/>\n<meta property=\"og:site_name\" content=\"Kook Management Oy\" \/>\n<meta property=\"article:publisher\" content=\"https:\/\/www.facebook.com\/kookmngmt\/\" \/>\n<meta property=\"article:modified_time\" content=\"2021-04-27T08:45:12+00:00\" \/>\n<meta property=\"og:image\" content=\"https:\/\/www.kookmanagement.fi\/wp-content\/uploads\/2020\/03\/Kook-Management-How-KOOK-is-that-yellow-train-0116.jpg\" \/>\n\t<meta property=\"og:image:width\" content=\"1200\" \/>\n\t<meta property=\"og:image:height\" content=\"340\" \/>\n\t<meta property=\"og:image:type\" content=\"image\/jpeg\" \/>\n<meta name=\"twitter:card\" content=\"summary_large_image\" \/>\n<meta name=\"twitter:site\" content=\"@kookmngmt\" \/>\n<meta name=\"twitter:label1\" content=\"Ber\u00e4knad l\u00e4stid\" \/>\n\t<meta name=\"twitter:data1\" content=\"4 minuter\" \/>\n<script type=\"application\/ld+json\" class=\"yoast-schema-graph\">{\"@context\":\"https:\/\/schema.org\",\"@graph\":[{\"@type\":\"WebPage\",\"@id\":\"https:\/\/www.kookmanagement.fi\/sv\/\",\"url\":\"https:\/\/www.kookmanagement.fi\/sv\/\",\"name\":\"KOOK Management - Ett nytt perspektiv p\u00e5 din tj\u00e4nst!\",\"isPartOf\":{\"@id\":\"https:\/\/www.kookmanagement.fi\/sv\/#website\"},\"primaryImageOfPage\":{\"@id\":\"https:\/\/www.kookmanagement.fi\/sv\/#primaryimage\"},\"image\":{\"@id\":\"https:\/\/www.kookmanagement.fi\/sv\/#primaryimage\"},\"thumbnailUrl\":\"https:\/\/www.kookmanagement.fi\/wp-content\/uploads\/2020\/03\/Kook-Management-How-KOOK-is-that-yellow-train-0116.jpg\",\"datePublished\":\"2021-04-02T17:40:09+00:00\",\"dateModified\":\"2021-04-27T08:45:12+00:00\",\"description\":\"KOOK Management - Ett nytt perspektiv p\u00e5 dina tj\u00e4nster! Vi \u00e4r glada \u00f6ver v\u00e5ra kunders tillv\u00e4xt och m\u00f6jligheter, immateriella r\u00e4ttigheter, kommunikation och f\u00f6rs\u00e4ljning.\",\"breadcrumb\":{\"@id\":\"https:\/\/www.kookmanagement.fi\/sv\/#breadcrumb\"},\"inLanguage\":\"sv-SE\",\"potentialAction\":[{\"@type\":\"ReadAction\",\"target\":[\"https:\/\/www.kookmanagement.fi\/sv\/\"]}]},{\"@type\":\"ImageObject\",\"inLanguage\":\"sv-SE\",\"@id\":\"https:\/\/www.kookmanagement.fi\/sv\/#primaryimage\",\"url\":\"https:\/\/www.kookmanagement.fi\/wp-content\/uploads\/2020\/03\/Kook-Management-How-KOOK-is-that-yellow-train-0116.jpg\",\"contentUrl\":\"https:\/\/www.kookmanagement.fi\/wp-content\/uploads\/2020\/03\/Kook-Management-How-KOOK-is-that-yellow-train-0116.jpg\",\"width\":1200,\"height\":340,\"caption\":\"Kook Management - aff\u00e4rsutveckling med kreativitet och attityd\"},{\"@type\":\"BreadcrumbList\",\"@id\":\"https:\/\/www.kookmanagement.fi\/sv\/#breadcrumb\",\"itemListElement\":[{\"@type\":\"ListItem\",\"position\":1,\"name\":\"Home\",\"item\":\"https:\/\/www.kookmanagement.fi\/sv\/\"},{\"@type\":\"ListItem\",\"position\":2,\"name\":\"KOOK Management &#8211; Ett nytt perspektiv p\u00e5 din tj\u00e4nst!\"}]},{\"@type\":\"WebSite\",\"@id\":\"https:\/\/www.kookmanagement.fi\/sv\/#website\",\"url\":\"https:\/\/www.kookmanagement.fi\/sv\/\",\"name\":\"Kook Management Oy\",\"description\":\"We work with business development as licensing agent in northern Europe, train in workshops about team management with creative future tools for human resources and we serve as B2B sales and digital marketing agency.\",\"publisher\":{\"@id\":\"https:\/\/www.kookmanagement.fi\/sv\/#organization\"},\"potentialAction\":[{\"@type\":\"SearchAction\",\"target\":{\"@type\":\"EntryPoint\",\"urlTemplate\":\"https:\/\/www.kookmanagement.fi\/sv\/?s={search_term_string}\"},\"query-input\":{\"@type\":\"PropertyValueSpecification\",\"valueRequired\":true,\"valueName\":\"search_term_string\"}}],\"inLanguage\":\"sv-SE\"},{\"@type\":\"Organization\",\"@id\":\"https:\/\/www.kookmanagement.fi\/sv\/#organization\",\"name\":\"KOOK Management Oy\",\"url\":\"https:\/\/www.kookmanagement.fi\/sv\/\",\"logo\":{\"@type\":\"ImageObject\",\"inLanguage\":\"sv-SE\",\"@id\":\"https:\/\/www.kookmanagement.fi\/sv\/#\/schema\/logo\/image\/\",\"url\":\"https:\/\/www.kookmanagement.fi\/wp-content\/uploads\/2018\/08\/kook-logo-pink-on-blue-1.jpg\",\"contentUrl\":\"https:\/\/www.kookmanagement.fi\/wp-content\/uploads\/2018\/08\/kook-logo-pink-on-blue-1.jpg\",\"width\":2338,\"height\":1653,\"caption\":\"KOOK Management Oy\"},\"image\":{\"@id\":\"https:\/\/www.kookmanagement.fi\/sv\/#\/schema\/logo\/image\/\"},\"sameAs\":[\"https:\/\/www.facebook.com\/kookmngmt\/\",\"https:\/\/x.com\/kookmngmt\",\"https:\/\/www.instagram.com\/kookmngmt\/\",\"https:\/\/www.linkedin.com\/company\/26190078\/admin\/\",\"https:\/\/www.youtube.com\/channel\/UCXu2RSBsAn-mRDy2mDgl8EQ?view_as=subscriber\"]}]}<\/script>\n<!-- \/ Yoast SEO plugin. -->","yoast_head_json":{"title":"KOOK Management - Ett nytt perspektiv p\u00e5 din tj\u00e4nst!","description":"KOOK Management - Ett nytt perspektiv p\u00e5 dina tj\u00e4nster! Vi \u00e4r glada \u00f6ver v\u00e5ra kunders tillv\u00e4xt och m\u00f6jligheter, immateriella r\u00e4ttigheter, kommunikation och f\u00f6rs\u00e4ljning.","robots":{"index":"index","follow":"follow","max-snippet":"max-snippet:-1","max-image-preview":"max-image-preview:large","max-video-preview":"max-video-preview:-1"},"canonical":"https:\/\/www.kookmanagement.fi\/sv\/","og_locale":"sv_SE","og_type":"article","og_title":"KOOK Management - Ett nytt perspektiv p\u00e5 din tj\u00e4nst!","og_description":"KOOK Management - Ett nytt perspektiv p\u00e5 dina tj\u00e4nster! Vi \u00e4r glada \u00f6ver v\u00e5ra kunders tillv\u00e4xt och m\u00f6jligheter, immateriella r\u00e4ttigheter, kommunikation och f\u00f6rs\u00e4ljning.","og_url":"https:\/\/www.kookmanagement.fi\/sv\/","og_site_name":"Kook Management Oy","article_publisher":"https:\/\/www.facebook.com\/kookmngmt\/","article_modified_time":"2021-04-27T08:45:12+00:00","og_image":[{"width":1200,"height":340,"url":"https:\/\/www.kookmanagement.fi\/wp-content\/uploads\/2020\/03\/Kook-Management-How-KOOK-is-that-yellow-train-0116.jpg","type":"image\/jpeg"}],"twitter_card":"summary_large_image","twitter_site":"@kookmngmt","twitter_misc":{"Ber\u00e4knad l\u00e4stid":"4 minuter"},"schema":{"@context":"https:\/\/schema.org","@graph":[{"@type":"WebPage","@id":"https:\/\/www.kookmanagement.fi\/sv\/","url":"https:\/\/www.kookmanagement.fi\/sv\/","name":"KOOK Management - Ett nytt perspektiv p\u00e5 din tj\u00e4nst!","isPartOf":{"@id":"https:\/\/www.kookmanagement.fi\/sv\/#website"},"primaryImageOfPage":{"@id":"https:\/\/www.kookmanagement.fi\/sv\/#primaryimage"},"image":{"@id":"https:\/\/www.kookmanagement.fi\/sv\/#primaryimage"},"thumbnailUrl":"https:\/\/www.kookmanagement.fi\/wp-content\/uploads\/2020\/03\/Kook-Management-How-KOOK-is-that-yellow-train-0116.jpg","datePublished":"2021-04-02T17:40:09+00:00","dateModified":"2021-04-27T08:45:12+00:00","description":"KOOK Management - Ett nytt perspektiv p\u00e5 dina tj\u00e4nster! Vi \u00e4r glada \u00f6ver v\u00e5ra kunders tillv\u00e4xt och m\u00f6jligheter, immateriella r\u00e4ttigheter, kommunikation och f\u00f6rs\u00e4ljning.","breadcrumb":{"@id":"https:\/\/www.kookmanagement.fi\/sv\/#breadcrumb"},"inLanguage":"sv-SE","potentialAction":[{"@type":"ReadAction","target":["https:\/\/www.kookmanagement.fi\/sv\/"]}]},{"@type":"ImageObject","inLanguage":"sv-SE","@id":"https:\/\/www.kookmanagement.fi\/sv\/#primaryimage","url":"https:\/\/www.kookmanagement.fi\/wp-content\/uploads\/2020\/03\/Kook-Management-How-KOOK-is-that-yellow-train-0116.jpg","contentUrl":"https:\/\/www.kookmanagement.fi\/wp-content\/uploads\/2020\/03\/Kook-Management-How-KOOK-is-that-yellow-train-0116.jpg","width":1200,"height":340,"caption":"Kook Management - aff\u00e4rsutveckling med kreativitet och attityd"},{"@type":"BreadcrumbList","@id":"https:\/\/www.kookmanagement.fi\/sv\/#breadcrumb","itemListElement":[{"@type":"ListItem","position":1,"name":"Home","item":"https:\/\/www.kookmanagement.fi\/sv\/"},{"@type":"ListItem","position":2,"name":"KOOK Management &#8211; Ett nytt perspektiv p\u00e5 din tj\u00e4nst!"}]},{"@type":"WebSite","@id":"https:\/\/www.kookmanagement.fi\/sv\/#website","url":"https:\/\/www.kookmanagement.fi\/sv\/","name":"Kook Management Oy","description":"We work with business development as licensing agent in northern Europe, train in workshops about team management with creative future tools for human resources and we serve as B2B sales and digital marketing agency.","publisher":{"@id":"https:\/\/www.kookmanagement.fi\/sv\/#organization"},"potentialAction":[{"@type":"SearchAction","target":{"@type":"EntryPoint","urlTemplate":"https:\/\/www.kookmanagement.fi\/sv\/?s={search_term_string}"},"query-input":{"@type":"PropertyValueSpecification","valueRequired":true,"valueName":"search_term_string"}}],"inLanguage":"sv-SE"},{"@type":"Organization","@id":"https:\/\/www.kookmanagement.fi\/sv\/#organization","name":"KOOK Management Oy","url":"https:\/\/www.kookmanagement.fi\/sv\/","logo":{"@type":"ImageObject","inLanguage":"sv-SE","@id":"https:\/\/www.kookmanagement.fi\/sv\/#\/schema\/logo\/image\/","url":"https:\/\/www.kookmanagement.fi\/wp-content\/uploads\/2018\/08\/kook-logo-pink-on-blue-1.jpg","contentUrl":"https:\/\/www.kookmanagement.fi\/wp-content\/uploads\/2018\/08\/kook-logo-pink-on-blue-1.jpg","width":2338,"height":1653,"caption":"KOOK Management Oy"},"image":{"@id":"https:\/\/www.kookmanagement.fi\/sv\/#\/schema\/logo\/image\/"},"sameAs":["https:\/\/www.facebook.com\/kookmngmt\/","https:\/\/x.com\/kookmngmt","https:\/\/www.instagram.com\/kookmngmt\/","https:\/\/www.linkedin.com\/company\/26190078\/admin\/","https:\/\/www.youtube.com\/channel\/UCXu2RSBsAn-mRDy2mDgl8EQ?view_as=subscriber"]}]}},"_links":{"self":[{"href":"https:\/\/www.kookmanagement.fi\/sv\/wp-json\/wp\/v2\/pages\/3458"}],"collection":[{"href":"https:\/\/www.kookmanagement.fi\/sv\/wp-json\/wp\/v2\/pages"}],"about":[{"href":"https:\/\/www.kookmanagement.fi\/sv\/wp-json\/wp\/v2\/types\/page"}],"author":[{"embeddable":true,"href":"https:\/\/www.kookmanagement.fi\/sv\/wp-json\/wp\/v2\/users\/1"}],"replies":[{"embeddable":true,"href":"https:\/\/www.kookmanagement.fi\/sv\/wp-json\/wp\/v2\/comments?post=3458"}],"version-history":[{"count":5,"href":"https:\/\/www.kookmanagement.fi\/sv\/wp-json\/wp\/v2\/pages\/3458\/revisions"}],"predecessor-version":[{"id":3933,"href":"https:\/\/www.kookmanagement.fi\/sv\/wp-json\/wp\/v2\/pages\/3458\/revisions\/3933"}],"wp:featuredmedia":[{"embeddable":true,"href":"https:\/\/www.kookmanagement.fi\/sv\/wp-json\/wp\/v2\/media\/3464"}],"wp:attachment":[{"href":"https:\/\/www.kookmanagement.fi\/sv\/wp-json\/wp\/v2\/media?parent=3458"}],"curies":[{"name":"wp","href":"https:\/\/api.w.org\/{rel}","templated":true}]}}